{"id":23997,"date":"2023-08-09T14:00:05","date_gmt":"2023-08-09T14:00:05","guid":{"rendered":"https:\/\/oxfordcorp.com\/i-am-talent-thank-you\/"},"modified":"2024-07-26T15:57:06","modified_gmt":"2024-07-26T15:57:06","slug":"i-am-talent-thank-you","status":"publish","type":"page","link":"https:\/\/www.oxfordcorp.com\/fr\/i-am-talent-thank-you\/","title":{"rendered":"I am Talent Thank You"},"content":{"rendered":"<p>[et_pb_section fb_built=\u00a0\u00bb1&Prime; custom_padding_last_edited=\u00a0\u00bbon|phone\u00a0\u00bb _builder_version=\u00a0\u00bb4.21.0&Prime; _module_preset=\u00a0\u00bbdefault\u00a0\u00bb background_image=\u00a0\u00bbhttps:\/\/www.oxfordcorp.com\/\/wp-content\/uploads\/2023\/05\/full-watermark.png\u00a0\u00bb parallax=\u00a0\u00bbon\u00a0\u00bb custom_padding=\u00a0\u00bb100px||100px|||\u00a0\u00bb custom_padding_tablet=\u00a0\u00bb77px||81px|||\u00a0\u00bb custom_padding_phone=\u00a0\u00bb40px||40px||false|false\u00a0\u00bb background_last_edited=\u00a0\u00bbon|phone\u00a0\u00bb use_background_color_gradient_tablet=\u00a0\u00bbon\u00a0\u00bb use_background_color_gradient_phone=\u00a0\u00bbon\u00a0\u00bb background_color_gradient_stops_tablet=\u00a0\u00bbrgba(255,255,255,0) 100%|#1f4ba0 100%\u00a0\u00bb background_color_gradient_stops_phone=\u00a0\u00bbrgba(255,255,255,0) 100%|#1f4ba0 100%\u00a0\u00bb parallax_phone=\u00a0\u00bboff\u00a0\u00bb global_colors_info=\u00a0\u00bb{}\u00a0\u00bb][et_pb_row column_structure=\u00a0\u00bb1_2,1_2&Prime; make_equal=\u00a0\u00bbon\u00a0\u00bb _builder_version=\u00a0\u00bb4.21.0&Prime; _module_preset=\u00a0\u00bbdefault\u00a0\u00bb custom_margin_tablet=\u00a0\u00bb50px||50px||false|false\u00a0\u00bb custom_margin_phone=\u00a0\u00bb50px||50px||false|false\u00a0\u00bb custom_margin_last_edited=\u00a0\u00bbon|phone\u00a0\u00bb custom_padding=\u00a0\u00bb0px||0px|||\u00a0\u00bb global_colors_info=\u00a0\u00bb{}\u00a0\u00bb][et_pb_column type=\u00a0\u00bb1_2&Prime; _builder_version=\u00a0\u00bb4.21.0&Prime; _module_preset=\u00a0\u00bbdefault\u00a0\u00bb custom_css_main_element=\u00a0\u00bbmargin: auto;\u00a0\u00bb global_colors_info=\u00a0\u00bb{}\u00a0\u00bb][et_pb_text _builder_version=\u00a0\u00bb4.21.0&Prime; _module_preset=\u00a0\u00bbdefault\u00a0\u00bb header_text_color=\u00a0\u00bb#000000&Prime; header_font_size=\u00a0\u00bb60px\u00a0\u00bb header_line_height=\u00a0\u00bb1.2em\u00a0\u00bb custom_margin=\u00a0\u00bb||22px|||\u00a0\u00bb header_font_size_tablet=\u00a0\u00bb60px\u00a0\u00bb header_font_size_phone=\u00a0\u00bb38px\u00a0\u00bb header_font_size_last_edited=\u00a0\u00bbon|phone\u00a0\u00bb global_colors_info=\u00a0\u00bb{}\u00a0\u00bb]<\/p>\n<h1><strong>Remerciements<\/strong><\/h1>\n<p>[\/et_pb_text][et_pb_text _builder_version=\u00a0\u00bb4.21.0&Prime; _module_preset=\u00a0\u00bbdefault\u00a0\u00bb text_font_size=\u00a0\u00bb21px\u00a0\u00bb text_line_height=\u00a0\u00bb1.8em\u00a0\u00bb text_font_size_tablet=\u00a0\u00bb21px\u00a0\u00bb text_font_size_phone=\u00a0\u00bb19px\u00a0\u00bb text_font_size_last_edited=\u00a0\u00bbon|desktop\u00a0\u00bb global_colors_info=\u00a0\u00bb{}\u00a0\u00bb]Merci d\u2019avoir contact\u00e9 Oxford. Un membre de notre \u00e9quipe vous contactera sous peu.<br \/>\n[\/et_pb_text][\/et_pb_column][et_pb_column type=\u00a0\u00bb1_2&Prime; _builder_version=\u00a0\u00bb4.21.0&Prime; _module_preset=\u00a0\u00bbdefault\u00a0\u00bb global_colors_info=\u00a0\u00bb{}\u00a0\u00bb][et_pb_image src=\u00a0\u00bbhttps:\/\/www.oxfordcorp.com\/\/wp-content\/uploads\/2023\/05\/blank.png\u00a0\u00bb title_text=\u00a0\u00bbfintech-i-am\u00a0\u00bb module_class=\u00a0\u00bbbox\u00a0\u00bb _builder_version=\u00a0\u00bb4.25.1&Prime; _module_preset=\u00a0\u00bbdefault\u00a0\u00bb background_color=\u00a0\u00bb#FFCB00&Prime; background_image=\u00a0\u00bbhttps:\/\/www.oxfordcorp.com\/wp-content\/uploads\/2024\/06\/fintech-i-am.jpg\u00a0\u00bb background_enable_video_mp4=\u00a0\u00bboff\u00a0\u00bb border_width_top=\u00a0\u00bb30px\u00a0\u00bb border_color_top=\u00a0\u00bbrgba(31,75,160,0.75)\u00a0\u00bb border_width_right=\u00a0\u00bb30px\u00a0\u00bb border_color_right=\u00a0\u00bbrgba(31,75,160,0.75)\u00a0\u00bb global_colors_info=\u00a0\u00bb{}\u00a0\u00bb][\/et_pb_image][\/et_pb_column][\/et_pb_row][\/et_pb_section][et_pb_section fb_built=\u00a0\u00bb1&Prime; _builder_version=\u00a0\u00bb4.21.0&Prime; _module_preset=\u00a0\u00bbdefault\u00a0\u00bb background_color=\u00a0\u00bb#F2F2F2&Prime; background_enable_image=\u00a0\u00bboff\u00a0\u00bb parallax=\u00a0\u00bbon\u00a0\u00bb parallax_method=\u00a0\u00bboff\u00a0\u00bb custom_padding=\u00a0\u00bb80px||82px|||\u00a0\u00bb saved_tabs=\u00a0\u00bball\u00a0\u00bb locked=\u00a0\u00bboff\u00a0\u00bb global_colors_info=\u00a0\u00bb{}\u00a0\u00bb][et_pb_row column_structure=\u00a0\u00bb1_3,1_3,1_3&Prime; use_custom_gutter=\u00a0\u00bbon\u00a0\u00bb gutter_width=\u00a0\u00bb2&Prime; make_equal=\u00a0\u00bbon\u00a0\u00bb _builder_version=\u00a0\u00bb4.25.1&Prime; _module_preset=\u00a0\u00bbdefault\u00a0\u00bb hover_enabled=\u00a0\u00bb0&Prime; global_colors_info=\u00a0\u00bb{}\u00a0\u00bb sticky_enabled=\u00a0\u00bb0&Prime;][et_pb_column type=\u00a0\u00bb1_3&Prime; module_class=\u00a0\u00bbbox3&Prime; _builder_version=\u00a0\u00bb4.25.1&Prime; _module_preset=\u00a0\u00bbdefault\u00a0\u00bb background_color=\u00a0\u00bb#000000&Prime; hover_transition_speed_curve=\u00a0\u00bbease-in\u00a0\u00bb link_option_url=\u00a0\u00bbhttps:\/\/www.oxfordcorp.com\/fr\/modernisation-des-entreprises\/\u00a0\u00bb scroll_vertical_motion=\u00a0\u00bb0|25|25|100|4|0|0&Prime; hover_enabled=\u00a0\u00bb0&Prime; border_width_bottom=\u00a0\u00bb14px\u00a0\u00bb border_color_bottom=\u00a0\u00bb#FFCB00&Prime; border_color_bottom_last_edited=\u00a0\u00bboff|desktop\u00a0\u00bb global_colors_info=\u00a0\u00bb{}\u00a0\u00bb background__hover_enabled=\u00a0\u00bbon|desktop\u00a0\u00bb background_color__hover=\u00a0\u00bb#000000&Prime; background_enable_color__hover=\u00a0\u00bbon\u00a0\u00bb border_width_bottom__hover_enabled=\u00a0\u00bbon|hover\u00a0\u00bb border_color_bottom__hover_enabled=\u00a0\u00bbon|hover\u00a0\u00bb border_color_bottom__hover=\u00a0\u00bb#016554&Prime; border_width_bottom__hover=\u00a0\u00bb14px\u00a0\u00bb sticky_enabled=\u00a0\u00bb0&Prime;][et_pb_image src=\u00a0\u00bbhttps:\/\/www.oxfordcorp.com\/wp-content\/uploads\/2023\/08\/modern-enterprise.jpeg\u00a0\u00bb alt=\u00a0\u00bbModernisation des entreprises\u00a0\u00bb title_text=\u00a0\u00bbmodern-enterprise\u00a0\u00bb show_bottom_space=\u00a0\u00bboff\u00a0\u00bb _builder_version=\u00a0\u00bb4.21.0&Prime; _module_preset=\u00a0\u00bbdefault\u00a0\u00bb global_colors_info=\u00a0\u00bb{}\u00a0\u00bb][\/et_pb_image][et_pb_text _builder_version=\u00a0\u00bb4.21.0&Prime; _module_preset=\u00a0\u00bbdefault\u00a0\u00bb text_text_color=\u00a0\u00bb#FFFFFF\u00a0\u00bb header_3_text_color=\u00a0\u00bb#FFFFFF\u00a0\u00bb header_3_font_size=\u00a0\u00bb25px\u00a0\u00bb header_3_line_height=\u00a0\u00bb1.2em\u00a0\u00bb background_image=\u00a0\u00bbhttps:\/\/www.oxfordcorp.com\/\/wp-content\/uploads\/2023\/05\/right-arrow-1.png\u00a0\u00bb background_size=\u00a0\u00bbcustom\u00a0\u00bb background_image_width=\u00a0\u00bb6%\u00a0\u00bb background_position=\u00a0\u00bbcenter_right\u00a0\u00bb background_horizontal_offset=\u00a0\u00bb6%\u00a0\u00bb custom_padding=\u00a0\u00bb30px|80px|24px|30px|false|false\u00a0\u00bb global_colors_info=\u00a0\u00bb{}\u00a0\u00bb]<\/p>\n<h3><strong>Modernisation des entreprises<\/strong><\/h3>\n<p> Nous concevons et d\u00e9veloppons des solutions pour optimiser les activit\u00e9s des entreprises gr\u00e2ce \u00e0 une utilisation intelligente des processus humains, de la technologie et des donn\u00e9es. Nos solutions vous donnent les informations et le contr\u00f4le dont vous avez besoin pour am\u00e9liorer la gestion de votre entreprise.[\/et_pb_text][\/et_pb_column][et_pb_column type=\u00a0\u00bb1_3&Prime; module_class=\u00a0\u00bbbox3&Prime; _builder_version=\u00a0\u00bb4.25.1&Prime; _module_preset=\u00a0\u00bbdefault\u00a0\u00bb background_color=\u00a0\u00bb#000000&Prime; hover_transition_speed_curve=\u00a0\u00bbease-in\u00a0\u00bb link_option_url=\u00a0\u00bbhttps:\/\/www.oxfordcorp.com\/fr\/mobilisation-des-ressources-humaines\/\u00a0\u00bb scroll_vertical_motion=\u00a0\u00bb0|35|35|100|4|0|0&Prime; hover_enabled=\u00a0\u00bb0&Prime; border_width_bottom=\u00a0\u00bb14px\u00a0\u00bb border_color_bottom=\u00a0\u00bb#FFCB00&Prime; border_color_all_last_edited=\u00a0\u00bboff|desktop\u00a0\u00bb global_colors_info=\u00a0\u00bb{}\u00a0\u00bb background__hover_enabled=\u00a0\u00bbon|desktop\u00a0\u00bb background_color__hover=\u00a0\u00bb#000000&Prime; background_enable_color__hover=\u00a0\u00bbon\u00a0\u00bb border_width_bottom__hover_enabled=\u00a0\u00bbon|hover\u00a0\u00bb border_color_bottom__hover=\u00a0\u00bb#A62937&Prime; border_color_bottom__hover_enabled=\u00a0\u00bbon|hover\u00a0\u00bb border_color_all__hover_enabled=\u00a0\u00bbon|hover\u00a0\u00bb border_color_all__hover=\u00a0\u00bb#A62937&Prime; border_width_bottom__hover=\u00a0\u00bb14px\u00a0\u00bb sticky_enabled=\u00a0\u00bb0&Prime;][et_pb_image src=\u00a0\u00bbhttps:\/\/www.oxfordcorp.com\/wp-content\/uploads\/2023\/08\/2.jpeg\u00a0\u00bb alt=\u00a0\u00bbMobilisation des ressources humaines\u00a0\u00bb title_text=\u00a0\u00bb2&Prime; show_bottom_space=\u00a0\u00bboff\u00a0\u00bb _builder_version=\u00a0\u00bb4.21.0&Prime; _module_preset=\u00a0\u00bbdefault\u00a0\u00bb global_colors_info=\u00a0\u00bb{}\u00a0\u00bb][\/et_pb_image][et_pb_text _builder_version=\u00a0\u00bb4.21.0&Prime; _module_preset=\u00a0\u00bbdefault\u00a0\u00bb text_text_color=\u00a0\u00bb#FFFFFF\u00a0\u00bb header_3_text_color=\u00a0\u00bb#FFFFFF\u00a0\u00bb header_3_font_size=\u00a0\u00bb25px\u00a0\u00bb header_3_line_height=\u00a0\u00bb1.2em\u00a0\u00bb background_image=\u00a0\u00bbhttps:\/\/www.oxfordcorp.com\/\/wp-content\/uploads\/2023\/05\/right-arrow-1.png\u00a0\u00bb background_size=\u00a0\u00bbcustom\u00a0\u00bb background_image_width=\u00a0\u00bb6%\u00a0\u00bb background_position=\u00a0\u00bbcenter_right\u00a0\u00bb background_horizontal_offset=\u00a0\u00bb6%\u00a0\u00bb custom_padding=\u00a0\u00bb30px|80px|24px|30px|false|false\u00a0\u00bb global_colors_info=\u00a0\u00bb{}\u00a0\u00bb]<\/p>\n<h3><strong>Mobilisation des ressources humaines<\/strong><\/h3>\n<p> Nous travaillons avec vous pour adapter notre approche afin de r\u00e9pondre au mieux \u00e0 vos besoins. Que vous souhaitiez accro\u00eetre vos effectifs ou externaliser int\u00e9gralement vos projets, nous avons tout ce dont vous avez besoin.<br \/>\n[\/et_pb_text][\/et_pb_column][et_pb_column type=\u00a0\u00bb1_3&Prime; module_class=\u00a0\u00bbbox3&Prime; _builder_version=\u00a0\u00bb4.25.1&Prime; _module_preset=\u00a0\u00bbdefault\u00a0\u00bb background_color=\u00a0\u00bb#000000&Prime; hover_transition_speed_curve=\u00a0\u00bbease-in\u00a0\u00bb link_option_url=\u00a0\u00bbhttps:\/\/www.oxfordcorp.com\/fr\/transition-numerique\/\u00a0\u00bb scroll_vertical_motion=\u00a0\u00bb0|45|45|100|4|0|0&Prime; hover_enabled=\u00a0\u00bb0&Prime; border_width_bottom=\u00a0\u00bb14px\u00a0\u00bb border_color_bottom=\u00a0\u00bb#FFCB00&Prime; global_colors_info=\u00a0\u00bb{}\u00a0\u00bb background__hover_enabled=\u00a0\u00bbon|desktop\u00a0\u00bb background_color__hover=\u00a0\u00bb#000000&Prime; background_enable_color__hover=\u00a0\u00bbon\u00a0\u00bb border_width_bottom__hover_enabled=\u00a0\u00bbon|hover\u00a0\u00bb border_color_bottom__hover=\u00a0\u00bb#1F4BA0&Prime; border_color_bottom__hover_enabled=\u00a0\u00bbon|hover\u00a0\u00bb border_width_bottom__hover=\u00a0\u00bb14px\u00a0\u00bb sticky_enabled=\u00a0\u00bb0&Prime;][et_pb_image src=\u00a0\u00bbhttps:\/\/www.oxfordcorp.com\/wp-content\/uploads\/2023\/08\/Digital-Transformation-1.jpeg\u00a0\u00bb alt=\u00a0\u00bbTransition num\u00e9rique\u00a0\u00bb title_text=\u00a0\u00bbDigital-Transformation-1&Prime; show_bottom_space=\u00a0\u00bboff\u00a0\u00bb _builder_version=\u00a0\u00bb4.21.0&Prime; _module_preset=\u00a0\u00bbdefault\u00a0\u00bb global_colors_info=\u00a0\u00bb{}\u00a0\u00bb][\/et_pb_image][et_pb_text _builder_version=\u00a0\u00bb4.21.0&Prime; _module_preset=\u00a0\u00bbdefault\u00a0\u00bb text_text_color=\u00a0\u00bb#FFFFFF\u00a0\u00bb header_3_text_color=\u00a0\u00bb#FFFFFF\u00a0\u00bb header_3_font_size=\u00a0\u00bb25px\u00a0\u00bb header_3_line_height=\u00a0\u00bb1.2em\u00a0\u00bb background_image=\u00a0\u00bbhttps:\/\/www.oxfordcorp.com\/\/wp-content\/uploads\/2023\/05\/right-arrow-1.png\u00a0\u00bb background_size=\u00a0\u00bbcustom\u00a0\u00bb background_image_width=\u00a0\u00bb6%\u00a0\u00bb background_position=\u00a0\u00bbcenter_right\u00a0\u00bb background_horizontal_offset=\u00a0\u00bb6%\u00a0\u00bb custom_padding=\u00a0\u00bb30px|80px|24px|30px|false|false\u00a0\u00bb global_colors_info=\u00a0\u00bb{}\u00a0\u00bb]<\/p>\n<h3><strong>Transition num\u00e9rique<\/strong><\/h3>\n<p> Nous vous aidons \u00e0 acc\u00e9l\u00e9rer la croissance de votre entreprise gr\u00e2ce aux derni\u00e8res technologies, la faisant ainsi \u00e9voluer en une entreprise ax\u00e9e sur le num\u00e9rique.[\/et_pb_text][\/et_pb_column][\/et_pb_row][\/et_pb_section][et_pb_section fb_built=\u00a0\u00bb1&Prime; _builder_version=\u00a0\u00bb4.21.0&Prime; _module_preset=\u00a0\u00bbdefault\u00a0\u00bb background_color=\u00a0\u00bb#000000&Prime; background_image=\u00a0\u00bbhttps:\/\/www.oxfordcorp.com\/\/wp-content\/uploads\/2023\/05\/line-2.png\u00a0\u00bb parallax=\u00a0\u00bbon\u00a0\u00bb parallax_method=\u00a0\u00bboff\u00a0\u00bb custom_padding=\u00a0\u00bb90px||90px||true|\u00a0\u00bb saved_tabs=\u00a0\u00bball\u00a0\u00bb global_colors_info=\u00a0\u00bb{}\u00a0\u00bb][et_pb_row column_structure=\u00a0\u00bb2_3,1_3&Prime; _builder_version=\u00a0\u00bb4.21.0&Prime; _module_preset=\u00a0\u00bbdefault\u00a0\u00bb custom_padding=\u00a0\u00bb||9px|||\u00a0\u00bb global_colors_info=\u00a0\u00bb{}\u00a0\u00bb][et_pb_column type=\u00a0\u00bb2_3&Prime; _builder_version=\u00a0\u00bb4.21.0&Prime; _module_preset=\u00a0\u00bbdefault\u00a0\u00bb global_colors_info=\u00a0\u00bb{}\u00a0\u00bb][et_pb_text _builder_version=\u00a0\u00bb4.21.0&Prime; _module_preset=\u00a0\u00bbdefault\u00a0\u00bb text_text_color=\u00a0\u00bb#FFCB00&Prime; header_font_size=\u00a0\u00bb32px\u00a0\u00bb header_2_font=\u00a0\u00bb|700|||||||\u00a0\u00bb header_2_text_color=\u00a0\u00bb#FFCB00&Prime; header_2_font_size=\u00a0\u00bb32px\u00a0\u00bb locked=\u00a0\u00bboff\u00a0\u00bb global_colors_info=\u00a0\u00bb{}\u00a0\u00bb]<\/p>\n<h2>Fond\u00e9 sur des relations solides, \u00e9tabli par des personnes. \u00e9tabli par des personnes. <\/h2>\n<p>[\/et_pb_text][et_pb_menu menu_id=\u00a0\u00bb106&Prime; active_link_color=\u00a0\u00bb#FFCB00&Prime; disabled_on=\u00a0\u00bboff|off|off\u00a0\u00bb _builder_version=\u00a0\u00bb4.21.0&Prime; _module_preset=\u00a0\u00bbdefault\u00a0\u00bb menu_font=\u00a0\u00bb|700|||||||\u00a0\u00bb menu_text_color=\u00a0\u00bb#FFFFFF\u00a0\u00bb background_enable_color=\u00a0\u00bboff\u00a0\u00bb background_layout=\u00a0\u00bbdark\u00a0\u00bb use_opened_menu_on_phone=\u00a0\u00bbon\u00a0\u00bb global_colors_info=\u00a0\u00bb{}\u00a0\u00bb menu_text_color__hover_enabled=\u00a0\u00bbon|hover\u00a0\u00bb menu_text_color__hover=\u00a0\u00bb#FFCB00&Prime;][\/et_pb_menu][\/et_pb_column][et_pb_column type=\u00a0\u00bb1_3&Prime; _builder_version=\u00a0\u00bb4.21.0&Prime; _module_preset=\u00a0\u00bbdefault\u00a0\u00bb global_colors_info=\u00a0\u00bb{}\u00a0\u00bb][et_pb_icon icon_color=\u00a0\u00bb#FFFFFF\u00a0\u00bb icon_width=\u00a0\u00bb21px\u00a0\u00bb url=\u00a0\u00bb#\u00a0\u00bb align=\u00a0\u00bbright\u00a0\u00bb _builder_version=\u00a0\u00bb4.21.0&Prime; _module_preset=\u00a0\u00bbdefault\u00a0\u00bb custom_padding=\u00a0\u00bb5px|5px|5px|5px|false|false\u00a0\u00bb border_width_all=\u00a0\u00bb1.5px\u00a0\u00bb border_color_all=\u00a0\u00bb#FFFFFF\u00a0\u00bb global_colors_info=\u00a0\u00bb{}\u00a0\u00bb border_color_all__hover_enabled=\u00a0\u00bbon|hover\u00a0\u00bb border_color_all__hover=\u00a0\u00bb#FFCB00&Prime; background__hover_enabled=\u00a0\u00bbon|hover\u00a0\u00bb background_color__hover=\u00a0\u00bb#FFCB00&Prime; background_enable_color__hover=\u00a0\u00bbon\u00a0\u00bb icon_color__hover_enabled=\u00a0\u00bbon|hover\u00a0\u00bb icon_color__hover=\u00a0\u00bb#000000&Prime;][\/et_pb_icon][\/et_pb_column][\/et_pb_row][et_pb_row column_structure=\u00a0\u00bb3_5,2_5&Prime; make_equal=\u00a0\u00bbon\u00a0\u00bb _builder_version=\u00a0\u00bb4.21.0&Prime; _module_preset=\u00a0\u00bbdefault\u00a0\u00bb global_colors_info=\u00a0\u00bb{}\u00a0\u00bb][et_pb_column type=\u00a0\u00bb3_5&Prime; _builder_version=\u00a0\u00bb4.21.0&Prime; _module_preset=\u00a0\u00bbdefault\u00a0\u00bb custom_css_main_element=\u00a0\u00bbmargin: auto;\u00a0\u00bb global_colors_info=\u00a0\u00bb{}\u00a0\u00bb][et_pb_menu menu_id=\u00a0\u00bb22&Prime; active_link_color=\u00a0\u00bb#1F4BA0&Prime; disabled_on=\u00a0\u00bboff|off|off\u00a0\u00bb _builder_version=\u00a0\u00bb4.21.0&Prime; _module_preset=\u00a0\u00bbdefault\u00a0\u00bb menu_font=\u00a0\u00bb||||||||\u00a0\u00bb menu_text_color=\u00a0\u00bb#FFFFFF\u00a0\u00bb menu_font_size=\u00a0\u00bb12px\u00a0\u00bb background_enable_color=\u00a0\u00bboff\u00a0\u00bb background_layout=\u00a0\u00bbdark\u00a0\u00bb custom_padding_tablet=\u00a0\u00bb\u00a0\u00bb custom_padding_phone=\u00a0\u00bb||30px||false|false\u00a0\u00bb custom_padding_last_edited=\u00a0\u00bbon|phone\u00a0\u00bb use_opened_menu_on_phone=\u00a0\u00bbon\u00a0\u00bb global_colors_info=\u00a0\u00bb{}\u00a0\u00bb active_link_color__hover_enabled=\u00a0\u00bbon|hover\u00a0\u00bb active_link_color__hover=\u00a0\u00bb#FFCB00&Prime;][\/et_pb_menu][\/et_pb_column][et_pb_column type=\u00a0\u00bb2_5&Prime; _builder_version=\u00a0\u00bb4.21.0&Prime; _module_preset=\u00a0\u00bbdefault\u00a0\u00bb global_colors_info=\u00a0\u00bb{}\u00a0\u00bb][et_pb_social_media_follow _builder_version=\u00a0\u00bb4.21.0&Prime; _module_preset=\u00a0\u00bbdefault\u00a0\u00bb text_orientation=\u00a0\u00bbright\u00a0\u00bb global_colors_info=\u00a0\u00bb{}\u00a0\u00bb][et_pb_social_media_follow_network social_network=\u00a0\u00bblinkedin\u00a0\u00bb url=\u00a0\u00bbhttps:\/\/www.linkedin.com\/company\/oxford-global-resources\/%20&Prime; icon_color=\u00a0\u00bb#000000&Prime; use_icon_font_size=\u00a0\u00bbon\u00a0\u00bb icon_font_size=\u00a0\u00bb18px\u00a0\u00bb _builder_version=\u00a0\u00bb4.21.0&Prime; _module_preset=\u00a0\u00bbdefault\u00a0\u00bb background_color=\u00a0\u00bb#FFFFFF\u00a0\u00bb background_enable_color=\u00a0\u00bbon\u00a0\u00bb border_radii=\u00a0\u00bbon|0px|0px|0px|0px\u00a0\u00bb global_colors_info=\u00a0\u00bb{}\u00a0\u00bb background__hover_enabled=\u00a0\u00bbon|hover\u00a0\u00bb background_color__hover=\u00a0\u00bb#FFCB00&Prime; background_enable_color__hover=\u00a0\u00bbon\u00a0\u00bb follow_button=\u00a0\u00bboff\u00a0\u00bb url_new_window=\u00a0\u00bbon\u00a0\u00bb]linkedin[\/et_pb_social_media_follow_network][et_pb_social_media_follow_network social_network=\u00a0\u00bbfacebook\u00a0\u00bb url=\u00a0\u00bbhttps:\/\/www.facebook.com\/OxfordOGR%20&Prime; icon_color=\u00a0\u00bb#000000&Prime; use_icon_font_size=\u00a0\u00bbon\u00a0\u00bb icon_font_size=\u00a0\u00bb18px\u00a0\u00bb _builder_version=\u00a0\u00bb4.21.0&Prime; _module_preset=\u00a0\u00bbdefault\u00a0\u00bb background_color=\u00a0\u00bb#FFFFFF\u00a0\u00bb background_enable_color=\u00a0\u00bbon\u00a0\u00bb border_radii=\u00a0\u00bbon|0px|0px|0px|0px\u00a0\u00bb global_colors_info=\u00a0\u00bb{}\u00a0\u00bb background__hover_enabled=\u00a0\u00bbon|hover\u00a0\u00bb background_color__hover=\u00a0\u00bb#FFCB00&Prime; background_enable_color__hover=\u00a0\u00bbon\u00a0\u00bb follow_button=\u00a0\u00bboff\u00a0\u00bb url_new_window=\u00a0\u00bbon\u00a0\u00bb]facebook[\/et_pb_social_media_follow_network][et_pb_social_media_follow_network social_network=\u00a0\u00bbinstagram\u00a0\u00bb url=\u00a0\u00bbhttps:\/\/www.instagram.com\/oxfordglobalresources\/\u00a0\u00bb icon_color=\u00a0\u00bb#000000&Prime; use_icon_font_size=\u00a0\u00bbon\u00a0\u00bb icon_font_size=\u00a0\u00bb18px\u00a0\u00bb _builder_version=\u00a0\u00bb4.21.0&Prime; _module_preset=\u00a0\u00bbdefault\u00a0\u00bb background_color=\u00a0\u00bb#FFFFFF\u00a0\u00bb background_enable_color=\u00a0\u00bbon\u00a0\u00bb border_radii=\u00a0\u00bbon|0px|0px|0px|0px\u00a0\u00bb global_colors_info=\u00a0\u00bb{}\u00a0\u00bb background__hover_enabled=\u00a0\u00bbon|hover\u00a0\u00bb background_color__hover=\u00a0\u00bb#FFCB00&Prime; background_enable_color__hover=\u00a0\u00bbon\u00a0\u00bb follow_button=\u00a0\u00bboff\u00a0\u00bb url_new_window=\u00a0\u00bbon\u00a0\u00bb]instagram[\/et_pb_social_media_follow_network][\/et_pb_social_media_follow][\/et_pb_column][\/et_pb_row][\/et_pb_section]<\/p>\n","protected":false},"excerpt":{"rendered":"<p>Remerciements Merci d\u2019avoir contact\u00e9 Oxford. Un membre de notre \u00e9quipe vous contactera sous peu. Modernisation des entreprises Nous concevons et [&hellip;]<\/p>\n","protected":false},"author":1,"featured_media":0,"parent":0,"menu_order":0,"comment_status":"closed","ping_status":"closed","template":"","meta":{"_et_pb_use_builder":"on","_et_pb_old_content":"","_et_gb_content_width":"","footnotes":""},"class_list":["post-23997","page","type-page","status-publish","hentry"],"yoast_head":"<!-- This site is optimized with the Yoast SEO Premium plugin v27.1 (Yoast SEO v27.1.1) - https:\/\/yoast.com\/product\/yoast-seo-premium-wordpress\/ -->\n<title>I am Talent Thank You - Oxford<\/title>\n<meta name=\"robots\" content=\"index, follow, max-snippet:-1, max-image-preview:large, max-video-preview:-1\" \/>\n<link rel=\"canonical\" href=\"https:\/\/www.oxfordcorp.com\/i-am-talent-thank-you\/\" \/>\n<meta property=\"og:locale\" content=\"fr_FR\" \/>\n<meta property=\"og:type\" content=\"article\" \/>\n<meta property=\"og:title\" content=\"I am Talent Thank You\" \/>\n<meta property=\"og:description\" content=\"Remerciements Merci d\u2019avoir contact\u00e9 Oxford. Un membre de notre \u00e9quipe vous contactera sous peu. Modernisation des entreprises Nous concevons et [&hellip;]\" \/>\n<meta property=\"og:url\" content=\"https:\/\/www.oxfordcorp.com\/i-am-talent-thank-you\/\" \/>\n<meta property=\"og:site_name\" content=\"Oxford\" \/>\n<meta property=\"article:modified_time\" content=\"2024-07-26T15:57:06+00:00\" \/>\n<meta name=\"twitter:card\" content=\"summary_large_image\" \/>\n<meta name=\"twitter:label1\" content=\"Dur\u00e9e de lecture estim\u00e9e\" \/>\n\t<meta name=\"twitter:data1\" content=\"9 minutes\" \/>\n<script type=\"application\/ld+json\" class=\"yoast-schema-graph\">{\"@context\":\"https:\/\/schema.org\",\"@graph\":[{\"@type\":\"WebPage\",\"@id\":\"https:\/\/www.oxfordcorp.com\/i-am-talent-thank-you\/\",\"url\":\"https:\/\/www.oxfordcorp.com\/i-am-talent-thank-you\/\",\"name\":\"I am Talent Thank You - Oxford\",\"isPartOf\":{\"@id\":\"https:\/\/www.oxfordcorp.com\/de\/#website\"},\"datePublished\":\"2023-08-09T14:00:05+00:00\",\"dateModified\":\"2024-07-26T15:57:06+00:00\",\"breadcrumb\":{\"@id\":\"https:\/\/www.oxfordcorp.com\/i-am-talent-thank-you\/#breadcrumb\"},\"inLanguage\":\"fr-FR\",\"potentialAction\":[{\"@type\":\"ReadAction\",\"target\":[\"https:\/\/www.oxfordcorp.com\/i-am-talent-thank-you\/\"]}]},{\"@type\":\"BreadcrumbList\",\"@id\":\"https:\/\/www.oxfordcorp.com\/i-am-talent-thank-you\/#breadcrumb\",\"itemListElement\":[{\"@type\":\"ListItem\",\"position\":1,\"name\":\"Home\",\"item\":\"https:\/\/www.oxfordcorp.com\/\"},{\"@type\":\"ListItem\",\"position\":2,\"name\":\"I am Talent Thank You\"}]},{\"@type\":\"WebSite\",\"@id\":\"https:\/\/www.oxfordcorp.com\/de\/#website\",\"url\":\"https:\/\/www.oxfordcorp.com\/de\/\",\"name\":\"Oxford\",\"description\":\"Global\",\"potentialAction\":[{\"@type\":\"SearchAction\",\"target\":{\"@type\":\"EntryPoint\",\"urlTemplate\":\"https:\/\/www.oxfordcorp.com\/de\/?s={search_term_string}\"},\"query-input\":{\"@type\":\"PropertyValueSpecification\",\"valueRequired\":true,\"valueName\":\"search_term_string\"}}],\"inLanguage\":\"fr-FR\"}]}<\/script>\n<!-- \/ Yoast SEO Premium plugin. -->","yoast_head_json":{"title":"I am Talent Thank You - Oxford","robots":{"index":"index","follow":"follow","max-snippet":"max-snippet:-1","max-image-preview":"max-image-preview:large","max-video-preview":"max-video-preview:-1"},"canonical":"https:\/\/www.oxfordcorp.com\/i-am-talent-thank-you\/","og_locale":"fr_FR","og_type":"article","og_title":"I am Talent Thank You","og_description":"Remerciements Merci d\u2019avoir contact\u00e9 Oxford. Un membre de notre \u00e9quipe vous contactera sous peu. Modernisation des entreprises Nous concevons et [&hellip;]","og_url":"https:\/\/www.oxfordcorp.com\/i-am-talent-thank-you\/","og_site_name":"Oxford","article_modified_time":"2024-07-26T15:57:06+00:00","twitter_card":"summary_large_image","twitter_misc":{"Dur\u00e9e de lecture estim\u00e9e":"9 minutes"},"schema":{"@context":"https:\/\/schema.org","@graph":[{"@type":"WebPage","@id":"https:\/\/www.oxfordcorp.com\/i-am-talent-thank-you\/","url":"https:\/\/www.oxfordcorp.com\/i-am-talent-thank-you\/","name":"I am Talent Thank You - Oxford","isPartOf":{"@id":"https:\/\/www.oxfordcorp.com\/de\/#website"},"datePublished":"2023-08-09T14:00:05+00:00","dateModified":"2024-07-26T15:57:06+00:00","breadcrumb":{"@id":"https:\/\/www.oxfordcorp.com\/i-am-talent-thank-you\/#breadcrumb"},"inLanguage":"fr-FR","potentialAction":[{"@type":"ReadAction","target":["https:\/\/www.oxfordcorp.com\/i-am-talent-thank-you\/"]}]},{"@type":"BreadcrumbList","@id":"https:\/\/www.oxfordcorp.com\/i-am-talent-thank-you\/#breadcrumb","itemListElement":[{"@type":"ListItem","position":1,"name":"Home","item":"https:\/\/www.oxfordcorp.com\/"},{"@type":"ListItem","position":2,"name":"I am Talent Thank You"}]},{"@type":"WebSite","@id":"https:\/\/www.oxfordcorp.com\/de\/#website","url":"https:\/\/www.oxfordcorp.com\/de\/","name":"Oxford","description":"Global","potentialAction":[{"@type":"SearchAction","target":{"@type":"EntryPoint","urlTemplate":"https:\/\/www.oxfordcorp.com\/de\/?s={search_term_string}"},"query-input":{"@type":"PropertyValueSpecification","valueRequired":true,"valueName":"search_term_string"}}],"inLanguage":"fr-FR"}]}},"_links":{"self":[{"href":"https:\/\/www.oxfordcorp.com\/fr\/wp-json\/wp\/v2\/pages\/23997","targetHints":{"allow":["GET"]}}],"collection":[{"href":"https:\/\/www.oxfordcorp.com\/fr\/wp-json\/wp\/v2\/pages"}],"about":[{"href":"https:\/\/www.oxfordcorp.com\/fr\/wp-json\/wp\/v2\/types\/page"}],"author":[{"embeddable":true,"href":"https:\/\/www.oxfordcorp.com\/fr\/wp-json\/wp\/v2\/users\/1"}],"replies":[{"embeddable":true,"href":"https:\/\/www.oxfordcorp.com\/fr\/wp-json\/wp\/v2\/comments?post=23997"}],"version-history":[{"count":0,"href":"https:\/\/www.oxfordcorp.com\/fr\/wp-json\/wp\/v2\/pages\/23997\/revisions"}],"wp:attachment":[{"href":"https:\/\/www.oxfordcorp.com\/fr\/wp-json\/wp\/v2\/media?parent=23997"}],"curies":[{"name":"wp","href":"https:\/\/api.w.org\/{rel}","templated":true}]}}