{"id":15862,"date":"2023-06-06T01:39:57","date_gmt":"2023-06-06T01:39:57","guid":{"rendered":"https:\/\/oxfordcorp.com\/hiring-notice-cybersecurity-tips-for-consultants\/"},"modified":"2024-07-26T23:31:02","modified_gmt":"2024-07-26T23:31:02","slug":"hiring-notice-cybersecurity-tips-for-consultants","status":"publish","type":"page","link":"https:\/\/www.oxfordcorp.com\/fr\/hiring-notice-cybersecurity-tips-for-consultants\/","title":{"rendered":"Avis de recrutement et conseils en mati\u00e8re de cybers\u00e9curit\u00e9 pour les consultants"},"content":{"rendered":"<p>[et_pb_section fb_built=\u00a0\u00bb1&Prime; custom_padding_last_edited=\u00a0\u00bboff|tablet\u00a0\u00bb _builder_version=\u00a0\u00bb4.21.0&Prime; _module_preset=\u00a0\u00bbdefault\u00a0\u00bb use_background_color_gradient=\u00a0\u00bbon\u00a0\u00bb background_color_gradient_direction=\u00a0\u00bb67deg\u00a0\u00bb background_color_gradient_stops=\u00a0\u00bbrgba(0,0,0,0.76) 38%|rgba(0,0,0,0.11) 72%\u00a0\u00bb background_color_gradient_overlays_image=\u00a0\u00bbon\u00a0\u00bb background_image=\u00a0\u00bbhttps:\/\/www.oxfordcorp.com\/\/wp-content\/uploads\/2023\/06\/Wireless-Services.jpg\u00a0\u00bb custom_padding=\u00a0\u00bb0px||0px||false|false\u00a0\u00bb custom_padding_tablet=\u00a0\u00bb120px||50px||false|false\u00a0\u00bb custom_padding_phone=\u00a0\u00bb||30px||false|false\u00a0\u00bb background_last_edited=\u00a0\u00bbon|phone\u00a0\u00bb use_background_color_gradient_tablet=\u00a0\u00bbon\u00a0\u00bb use_background_color_gradient_phone=\u00a0\u00bbon\u00a0\u00bb background_color_gradient_stops_tablet=\u00a0\u00bbrgba(0,0,0,0.76) 54%|rgba(0,0,0,0.54) 54%\u00a0\u00bb background_color_gradient_stops_phone=\u00a0\u00bbrgba(0,0,0,0.76) 80%|rgba(0,0,0,0.54) 80%\u00a0\u00bb background_position_phone=\u00a0\u00bbcenter_right\u00a0\u00bb global_colors_info=\u00a0\u00bb{}\u00a0\u00bb][et_pb_row column_structure=\u00a0\u00bb1_2,1_2&Prime; _builder_version=\u00a0\u00bb4.21.0&Prime; _module_preset=\u00a0\u00bbdefault\u00a0\u00bb background_image=\u00a0\u00bbhttps:\/\/www.oxfordcorp.com\/\/wp-content\/uploads\/2023\/05\/lines-image-overlay-1.png\u00a0\u00bb parallax=\u00a0\u00bbon\u00a0\u00bb parallax_method=\u00a0\u00bboff\u00a0\u00bb width=\u00a0\u00bb100%\u00a0\u00bb max_width=\u00a0\u00bb1920px\u00a0\u00bb custom_padding=\u00a0\u00bb190px|10%|190px|10%|false|false\u00a0\u00bb global_colors_info=\u00a0\u00bb{}\u00a0\u00bb][et_pb_column type=\u00a0\u00bb1_2&Prime; _builder_version=\u00a0\u00bb4.21.0&Prime; _module_preset=\u00a0\u00bbdefault\u00a0\u00bb global_colors_info=\u00a0\u00bb{}\u00a0\u00bb][et_pb_text _builder_version=\u00a0\u00bb4.21.0&Prime; _module_preset=\u00a0\u00bbdefault\u00a0\u00bb text_text_color=\u00a0\u00bb#FFFFFF\u00a0\u00bb header_text_color=\u00a0\u00bb#FFFFFF\u00a0\u00bb header_font_size=\u00a0\u00bb60px\u00a0\u00bb header_line_height=\u00a0\u00bb1.2em\u00a0\u00bb header_2_text_color=\u00a0\u00bb#FFCB00&Prime; header_2_font_size=\u00a0\u00bb55px\u00a0\u00bb header_2_line_height=\u00a0\u00bb1.1em\u00a0\u00bb custom_margin=\u00a0\u00bb||22px||false|false\u00a0\u00bb hover_enabled=\u00a0\u00bb0&Prime; header_font_size_tablet=\u00a0\u00bb60px\u00a0\u00bb header_font_size_phone=\u00a0\u00bb44px\u00a0\u00bb header_font_size_last_edited=\u00a0\u00bbon|phone\u00a0\u00bb header_2_font_size_tablet=\u00a0\u00bb55px\u00a0\u00bb header_2_font_size_phone=\u00a0\u00bb40px\u00a0\u00bb header_2_font_size_last_edited=\u00a0\u00bbon|phone\u00a0\u00bb global_colors_info=\u00a0\u00bb{}\u00a0\u00bb sticky_enabled=\u00a0\u00bb0&Prime;]<\/p>\n<h1><strong>Avis de recrutement et conseils en mati\u00e8re de cybers\u00e9curit\u00e9 pour les consultants<\/strong><\/h1>\n<p>[\/et_pb_text][\/et_pb_column][et_pb_column type=\u00a0\u00bb1_2&Prime; _builder_version=\u00a0\u00bb4.21.0&Prime; _module_preset=\u00a0\u00bbdefault\u00a0\u00bb global_colors_info=\u00a0\u00bb{}\u00a0\u00bb][\/et_pb_column][\/et_pb_row][\/et_pb_section][et_pb_section fb_built=\u00a0\u00bb1&Prime; _builder_version=\u00a0\u00bb4.21.0&Prime; _module_preset=\u00a0\u00bbdefault\u00a0\u00bb global_colors_info=\u00a0\u00bb{}\u00a0\u00bb][et_pb_row _builder_version=\u00a0\u00bb4.21.0&Prime; _module_preset=\u00a0\u00bbdefault\u00a0\u00bb global_colors_info=\u00a0\u00bb{}\u00a0\u00bb][et_pb_column type=\u00a0\u00bb4_4&Prime; _builder_version=\u00a0\u00bb4.21.0&Prime; _module_preset=\u00a0\u00bbdefault\u00a0\u00bb global_colors_info=\u00a0\u00bb{}\u00a0\u00bb][et_pb_text _builder_version=\u00a0\u00bb4.25.1&Prime; _module_preset=\u00a0\u00bbdefault\u00a0\u00bb hover_enabled=\u00a0\u00bb0&Prime; global_colors_info=\u00a0\u00bb{}\u00a0\u00bb sticky_enabled=\u00a0\u00bb0&Prime;]<\/p>\n<h2>Protection de votre identit\u00e9<\/h2>\n<p><u>Postes de consultants<\/u>: Dans le cadre de nos efforts pour vous proposer les meilleurs postes, nous collectons de nombreuses informations vous concernant. Outre le d\u00e9tail de votre parcours professionnel, nous vous demandons \u00e9galement des documents et des informations pour v\u00e9rifier votre identit\u00e9. Ensuite, si nous vous proposons un poste, vous devrez fournir des informations compl\u00e9mentaires pour mettre en place un paiement par virement bancaire.  <\/p>\n<p><u>Postes d\u2019employ\u00e9s<\/u>: Un membre de l\u2019\u00e9quipe de recrutement de l\u2019entreprise vous contactera par t\u00e9l\u00e9phone ou par courrier \u00e9lectronique pour planifier un entretien t\u00e9l\u00e9phonique. Oxford ne vous proposera jamais d\u2019offre d\u2019emploi sans que vous ayez d\u2019abord pass\u00e9 notre processus d\u2019entretien. Avant l\u2019\u00e9tape de l\u2019embauche, vous serez invit\u00e9 \u00e0 remplir une demande d\u2019emploi en ligne accessible par un portail s\u00e9curis\u00e9. Si l\u2019on vous propose un emploi, les \u00e9tapes d\u2019int\u00e9gration seront \u00e9galement effectu\u00e9es \u00e0 l\u2019aide d\u2019un portail s\u00e9curis\u00e9.   <\/p>\n<p><em>REMARQUE IMPORTANTE: Oxford ne vous enverra pas d\u2019argent pour acheter du mat\u00e9riel suppl\u00e9mentaire ni ne vous demandera d\u2019informations relatives \u00e0 votre carte bancaire pendant la proc\u00e9dure de recrutement.<\/em><\/p>\n<p>Soyez assur\u00e9 que nous mesurons toute l\u2019importance de prot\u00e9ger vos informations sensibles. Prenez connaissance de la proc\u00e9dure d\u2019Oxford (ce que nous demandons et ne demandons pas) afin de comprendre les mesures mises en place pour prot\u00e9ger vos informations personnelles, et vous aider \u00e0 vous prot\u00e9ger contre les tentatives d\u2019hame\u00e7onnage. <\/p>\n<h2>Ce que nous ne demandons pas<\/h2>\n<p><strong>Jamais vous ne nous verrez:<\/strong><\/p>\n<ul>\n<li>Demander des informations bancaires ou financi\u00e8res dans le cadre de la proc\u00e9dure de candidature.<\/li>\n<li>Envoyer de l\u2019argent pour l\u2019achat de mat\u00e9riel suppl\u00e9mentaire ou demander des informations relatives \u00e0 votre carte bancaire.<\/li>\n<li>Demander des identifiants uniques ou des donn\u00e9es institutionnelles suppl\u00e9mentaires tant que votre premi\u00e8re mission ne vous a pas \u00e9t\u00e9 directement confirm\u00e9e.<\/li>\n<li>Exiger vos identifiants et mots de passe ou autres informations personnelles (d\u2019ailleurs, m\u00e9fiez-vous si quiconque vous les demande).<\/li>\n<\/ul>\n<h2>Conseils pour s\u00e9curiser vos sessions en ligne<\/h2>\n<p>Malheureusement, il suffit de techniques tr\u00e8s rudimentaires pour mettre en danger vos donn\u00e9es personnelles : m\u00e9fiez-vous des escrocs qui vous appellent ou vous envoient des e-mails en se faisant passer pour des recruteurs et des agents de placement afin de vous soutirer des informations personnelles, y compris bancaires et financi\u00e8res.<\/p>\n<p><strong>Que ce soit pour rechercher un poste ou r\u00e9aliser d\u2019autres activit\u00e9s en ligne de mani\u00e8re s\u00e9curis\u00e9e, il convient de toujours \u00eatre prudent. Si vous ne le faites pas d\u00e9j\u00e0, ayez pour habitude d\u2019appliquer ces trois r\u00e8gles simples! <\/strong><\/p>\n<ol>\n<li><strong>Si vous n\u2019avez pas confiance, ne cliquez pas.<\/strong> Les auteurs de tentatives d\u2019hame\u00e7onnage envoient souvent des e-mails contenant des liens et des documents renfermant des logiciels malveillants ou des technologies capables de voler des informations sensibles, notamment des identifiants et des mots de passe de connexion en ligne. Fiez-vous \u00e0 votre instinct, et si vous n\u2019avez pas confiance, ne cliquez pas. Et si vous avez un doute quant \u00e0 un e-mail que vous avez re\u00e7u, appelez votre interlocuteur chez Oxford qui pourra vous \u00e9clairer.  <\/li>\n<li><strong>Si une personne que vous ne connaissez pas vous appelle ou vous envoie un e-mail pour vous demander des informations personnelles, telles que votre num\u00e9ro de compte bancaire, votre date de naissance ou des informations d\u2019identification personnelle, ne les lui donnez pas. <\/strong>Certains escrocs falsifient les num\u00e9ros d\u2019appel. Si vous avez le moindre doute, contactez l\u2019organisation par les voies officielles et recherchez l\u2019information. Pour tout ce qui concerne Oxford, n\u2019h\u00e9sitez pas \u00e0 <a href=\"https:\/\/www.oxfordcorp.com\/fr\/contact\/\">nous contacter<\/a>.  <\/li>\n<li><strong>Cr\u00e9ez des mots de passe complexes, uniques et difficiles \u00e0 d\u00e9chiffrer<\/strong> contenant au moins huit caract\u00e8res (de nombreuses soci\u00e9t\u00e9s de cybers\u00e9curit\u00e9 en recommandent au moins 15, parfois 20). Ne r\u00e9utilisez jamais vos mots de passe et renouvelez-les r\u00e9guli\u00e8rement. R\u00e9sistez \u00e0 la tentation de stocker vos mots de passe dans votre navigateur.  <\/li>\n<\/ol>\n<p>Pour en savoir plus sur les informations que nous recueillons \u00e0 votre sujet et sur leur utilisation, veuillez lire notre notre <a href=\"https:\/\/www.oxfordcorp.com\/fr\/privacy-policy\/\">Politique de confidentialit\u00e9<\/a>.<\/p>\n<p>Pour toute question ou tout commentaire concernant nos recommandations en mati\u00e8re de cybers\u00e9curit\u00e9, veuillez vous adresser \u00e0 <a href=\"mailto:help_desk@oxfordcorp.com\">help_desk@oxfordcorp.com<\/a>.<\/p>\n<p>[\/et_pb_text][\/et_pb_column][\/et_pb_row][\/et_pb_section][et_pb_section fb_built=\u00a0\u00bb1&Prime; _builder_version=\u00a0\u00bb4.21.0&Prime; _module_preset=\u00a0\u00bbdefault\u00a0\u00bb background_color=\u00a0\u00bb#000000&Prime; background_image=\u00a0\u00bbhttps:\/\/www.oxfordcorp.com\/\/wp-content\/uploads\/2023\/05\/line-2.png\u00a0\u00bb parallax=\u00a0\u00bbon\u00a0\u00bb parallax_method=\u00a0\u00bboff\u00a0\u00bb custom_padding=\u00a0\u00bb90px||90px||true|\u00a0\u00bb saved_tabs=\u00a0\u00bball\u00a0\u00bb locked=\u00a0\u00bboff\u00a0\u00bb global_colors_info=\u00a0\u00bb{}\u00a0\u00bb][et_pb_row column_structure=\u00a0\u00bb2_3,1_3&Prime; _builder_version=\u00a0\u00bb4.21.0&Prime; _module_preset=\u00a0\u00bbdefault\u00a0\u00bb custom_padding=\u00a0\u00bb||9px|||\u00a0\u00bb global_colors_info=\u00a0\u00bb{}\u00a0\u00bb][et_pb_column type=\u00a0\u00bb2_3&Prime; _builder_version=\u00a0\u00bb4.21.0&Prime; _module_preset=\u00a0\u00bbdefault\u00a0\u00bb global_colors_info=\u00a0\u00bb{}\u00a0\u00bb][et_pb_text _builder_version=\u00a0\u00bb4.21.0&Prime; _module_preset=\u00a0\u00bbdefault\u00a0\u00bb text_text_color=\u00a0\u00bb#FFCB00&Prime; header_font_size=\u00a0\u00bb32px\u00a0\u00bb header_2_font=\u00a0\u00bb|700|||||||\u00a0\u00bb header_2_text_color=\u00a0\u00bb#FFCB00&Prime; header_2_font_size=\u00a0\u00bb32px\u00a0\u00bb hover_enabled=\u00a0\u00bb0&Prime; locked=\u00a0\u00bboff\u00a0\u00bb global_colors_info=\u00a0\u00bb{}\u00a0\u00bb sticky_enabled=\u00a0\u00bb0&Prime;]<\/p>\n<h2>Fond\u00e9 sur des relations solides, \u00e9tabli par des personnes.  <\/h2>\n<p>[\/et_pb_text][et_pb_menu menu_id=\u00a0\u00bb106&Prime; active_link_color=\u00a0\u00bb#FFCB00&Prime; disabled_on=\u00a0\u00bboff|off|off\u00a0\u00bb _builder_version=\u00a0\u00bb4.21.0&Prime; _module_preset=\u00a0\u00bbdefault\u00a0\u00bb menu_font=\u00a0\u00bb|700|||||||\u00a0\u00bb menu_text_color=\u00a0\u00bb#FFFFFF\u00a0\u00bb background_enable_color=\u00a0\u00bboff\u00a0\u00bb background_layout=\u00a0\u00bbdark\u00a0\u00bb use_opened_menu_on_phone=\u00a0\u00bbon\u00a0\u00bb global_colors_info=\u00a0\u00bb{}\u00a0\u00bb menu_text_color__hover_enabled=\u00a0\u00bbon|hover\u00a0\u00bb menu_text_color__hover=\u00a0\u00bb#FFCB00&Prime;][\/et_pb_menu][\/et_pb_column][et_pb_column type=\u00a0\u00bb1_3&Prime; _builder_version=\u00a0\u00bb4.21.0&Prime; _module_preset=\u00a0\u00bbdefault\u00a0\u00bb global_colors_info=\u00a0\u00bb{}\u00a0\u00bb][et_pb_icon icon_color=\u00a0\u00bb#FFFFFF\u00a0\u00bb icon_width=\u00a0\u00bb21px\u00a0\u00bb url=\u00a0\u00bb#\u00a0\u00bb align=\u00a0\u00bbright\u00a0\u00bb _builder_version=\u00a0\u00bb4.21.0&Prime; _module_preset=\u00a0\u00bbdefault\u00a0\u00bb custom_padding=\u00a0\u00bb5px|5px|5px|5px|false|false\u00a0\u00bb border_width_all=\u00a0\u00bb1.5px\u00a0\u00bb border_color_all=\u00a0\u00bb#FFFFFF\u00a0\u00bb global_colors_info=\u00a0\u00bb{}\u00a0\u00bb border_color_all__hover_enabled=\u00a0\u00bbon|hover\u00a0\u00bb border_color_all__hover=\u00a0\u00bb#FFCB00&Prime; background__hover_enabled=\u00a0\u00bbon|hover\u00a0\u00bb background_color__hover=\u00a0\u00bb#FFCB00&Prime; background_enable_color__hover=\u00a0\u00bbon\u00a0\u00bb icon_color__hover_enabled=\u00a0\u00bbon|hover\u00a0\u00bb icon_color__hover=\u00a0\u00bb#000000&Prime;][\/et_pb_icon][\/et_pb_column][\/et_pb_row][et_pb_row column_structure=\u00a0\u00bb3_5,2_5&Prime; make_equal=\u00a0\u00bbon\u00a0\u00bb _builder_version=\u00a0\u00bb4.21.0&Prime; _module_preset=\u00a0\u00bbdefault\u00a0\u00bb global_colors_info=\u00a0\u00bb{}\u00a0\u00bb][et_pb_column type=\u00a0\u00bb3_5&Prime; _builder_version=\u00a0\u00bb4.21.0&Prime; _module_preset=\u00a0\u00bbdefault\u00a0\u00bb custom_css_main_element=\u00a0\u00bbmargin: auto;\u00a0\u00bb global_colors_info=\u00a0\u00bb{}\u00a0\u00bb][et_pb_menu menu_id=\u00a0\u00bb22&Prime; active_link_color=\u00a0\u00bb#FFCB00&Prime; disabled_on=\u00a0\u00bboff|off|off\u00a0\u00bb _builder_version=\u00a0\u00bb4.21.0&Prime; _module_preset=\u00a0\u00bbdefault\u00a0\u00bb menu_font=\u00a0\u00bb||||||||\u00a0\u00bb menu_text_color=\u00a0\u00bb#FFFFFF\u00a0\u00bb menu_font_size=\u00a0\u00bb12px\u00a0\u00bb background_enable_color=\u00a0\u00bboff\u00a0\u00bb background_layout=\u00a0\u00bbdark\u00a0\u00bb custom_padding_tablet=\u00a0\u00bb\u00a0\u00bb custom_padding_phone=\u00a0\u00bb||30px||false|false\u00a0\u00bb custom_padding_last_edited=\u00a0\u00bbon|phone\u00a0\u00bb use_opened_menu_on_phone=\u00a0\u00bbon\u00a0\u00bb global_colors_info=\u00a0\u00bb{}\u00a0\u00bb active_link_color__hover_enabled=\u00a0\u00bbon|hover\u00a0\u00bb active_link_color__hover=\u00a0\u00bb#FFCB00&Prime;][\/et_pb_menu][\/et_pb_column][et_pb_column type=\u00a0\u00bb2_5&Prime; _builder_version=\u00a0\u00bb4.21.0&Prime; _module_preset=\u00a0\u00bbdefault\u00a0\u00bb global_colors_info=\u00a0\u00bb{}\u00a0\u00bb][et_pb_social_media_follow _builder_version=\u00a0\u00bb4.21.0&Prime; _module_preset=\u00a0\u00bbdefault\u00a0\u00bb text_orientation=\u00a0\u00bbright\u00a0\u00bb global_colors_info=\u00a0\u00bb{}\u00a0\u00bb][et_pb_social_media_follow_network social_network=\u00a0\u00bblinkedin\u00a0\u00bb url=\u00a0\u00bbhttps:\/\/www.linkedin.com\/company\/oxford-global-resources\/%20&Prime; icon_color=\u00a0\u00bb#000000&Prime; use_icon_font_size=\u00a0\u00bbon\u00a0\u00bb icon_font_size=\u00a0\u00bb18px\u00a0\u00bb _builder_version=\u00a0\u00bb4.21.0&Prime; _module_preset=\u00a0\u00bbdefault\u00a0\u00bb background_color=\u00a0\u00bb#FFFFFF\u00a0\u00bb background_enable_color=\u00a0\u00bbon\u00a0\u00bb border_radii=\u00a0\u00bbon|0px|0px|0px|0px\u00a0\u00bb global_colors_info=\u00a0\u00bb{}\u00a0\u00bb background__hover_enabled=\u00a0\u00bbon|hover\u00a0\u00bb background_color__hover=\u00a0\u00bb#FFCB00&Prime; background_enable_color__hover=\u00a0\u00bbon\u00a0\u00bb follow_button=\u00a0\u00bboff\u00a0\u00bb url_new_window=\u00a0\u00bbon\u00a0\u00bb]linkedin[\/et_pb_social_media_follow_network][et_pb_social_media_follow_network social_network=\u00a0\u00bbfacebook\u00a0\u00bb url=\u00a0\u00bbhttps:\/\/www.facebook.com\/OxfordOGR%20&Prime; icon_color=\u00a0\u00bb#000000&Prime; use_icon_font_size=\u00a0\u00bbon\u00a0\u00bb icon_font_size=\u00a0\u00bb18px\u00a0\u00bb _builder_version=\u00a0\u00bb4.21.0&Prime; _module_preset=\u00a0\u00bbdefault\u00a0\u00bb background_color=\u00a0\u00bb#FFFFFF\u00a0\u00bb background_enable_color=\u00a0\u00bbon\u00a0\u00bb border_radii=\u00a0\u00bbon|0px|0px|0px|0px\u00a0\u00bb global_colors_info=\u00a0\u00bb{}\u00a0\u00bb background__hover_enabled=\u00a0\u00bbon|hover\u00a0\u00bb background_color__hover=\u00a0\u00bb#FFCB00&Prime; background_enable_color__hover=\u00a0\u00bbon\u00a0\u00bb follow_button=\u00a0\u00bboff\u00a0\u00bb url_new_window=\u00a0\u00bbon\u00a0\u00bb]facebook[\/et_pb_social_media_follow_network][et_pb_social_media_follow_network social_network=\u00a0\u00bbinstagram\u00a0\u00bb url=\u00a0\u00bbhttps:\/\/www.instagram.com\/oxfordglobalresources\/\u00a0\u00bb icon_color=\u00a0\u00bb#000000&Prime; use_icon_font_size=\u00a0\u00bbon\u00a0\u00bb icon_font_size=\u00a0\u00bb18px\u00a0\u00bb _builder_version=\u00a0\u00bb4.21.0&Prime; _module_preset=\u00a0\u00bbdefault\u00a0\u00bb background_color=\u00a0\u00bb#FFFFFF\u00a0\u00bb background_enable_color=\u00a0\u00bbon\u00a0\u00bb border_radii=\u00a0\u00bbon|0px|0px|0px|0px\u00a0\u00bb global_colors_info=\u00a0\u00bb{}\u00a0\u00bb background__hover_enabled=\u00a0\u00bbon|hover\u00a0\u00bb background_color__hover=\u00a0\u00bb#FFCB00&Prime; background_enable_color__hover=\u00a0\u00bbon\u00a0\u00bb follow_button=\u00a0\u00bboff\u00a0\u00bb url_new_window=\u00a0\u00bbon\u00a0\u00bb]instagram[\/et_pb_social_media_follow_network][\/et_pb_social_media_follow][\/et_pb_column][\/et_pb_row][\/et_pb_section]<\/p>\n","protected":false},"excerpt":{"rendered":"<p>Avis de recrutement et conseils en mati\u00e8re de cybers\u00e9curit\u00e9 pour les consultantsProtection de votre identit\u00e9 Postes de consultants: Dans le [&hellip;]<\/p>\n","protected":false},"author":1,"featured_media":0,"parent":0,"menu_order":0,"comment_status":"closed","ping_status":"closed","template":"","meta":{"_et_pb_use_builder":"on","_et_pb_old_content":"","_et_gb_content_width":"","footnotes":""},"class_list":["post-15862","page","type-page","status-publish","hentry"],"yoast_head":"<!-- This site is optimized with the Yoast SEO Premium plugin v27.3 (Yoast SEO v27.3) - https:\/\/yoast.com\/product\/yoast-seo-premium-wordpress\/ -->\n<title>Avis de recrutement et conseils en mati\u00e8re de cybers\u00e9curit\u00e9 pour les consultants - Oxford<\/title>\n<meta name=\"robots\" content=\"index, follow, max-snippet:-1, max-image-preview:large, max-video-preview:-1\" \/>\n<link rel=\"canonical\" href=\"https:\/\/www.oxfordcorp.com\/fr\/hiring-notice-cybersecurity-tips-for-consultants\/\" \/>\n<meta property=\"og:locale\" content=\"fr_FR\" \/>\n<meta property=\"og:type\" content=\"article\" \/>\n<meta property=\"og:title\" content=\"Avis de recrutement et conseils en mati\u00e8re de cybers\u00e9curit\u00e9 pour les consultants\" \/>\n<meta property=\"og:description\" content=\"Avis de recrutement et conseils en mati\u00e8re de cybers\u00e9curit\u00e9 pour les consultantsProtection de votre identit\u00e9 Postes de consultants: Dans le [&hellip;]\" \/>\n<meta property=\"og:url\" content=\"https:\/\/www.oxfordcorp.com\/fr\/hiring-notice-cybersecurity-tips-for-consultants\/\" \/>\n<meta property=\"og:site_name\" content=\"Oxford\" \/>\n<meta property=\"article:modified_time\" content=\"2024-07-26T23:31:02+00:00\" \/>\n<meta name=\"twitter:card\" content=\"summary_large_image\" \/>\n<meta name=\"twitter:label1\" content=\"Dur\u00e9e de lecture estim\u00e9e\" \/>\n\t<meta name=\"twitter:data1\" content=\"9 minutes\" \/>\n<script type=\"application\/ld+json\" class=\"yoast-schema-graph\">{\"@context\":\"https:\\\/\\\/schema.org\",\"@graph\":[{\"@type\":\"WebPage\",\"@id\":\"https:\\\/\\\/www.oxfordcorp.com\\\/fr\\\/hiring-notice-cybersecurity-tips-for-consultants\\\/\",\"url\":\"https:\\\/\\\/www.oxfordcorp.com\\\/fr\\\/hiring-notice-cybersecurity-tips-for-consultants\\\/\",\"name\":\"Avis de recrutement et conseils en mati\u00e8re de cybers\u00e9curit\u00e9 pour les consultants - Oxford\",\"isPartOf\":{\"@id\":\"https:\\\/\\\/www.oxfordcorp.com\\\/de\\\/#website\"},\"datePublished\":\"2023-06-06T01:39:57+00:00\",\"dateModified\":\"2024-07-26T23:31:02+00:00\",\"breadcrumb\":{\"@id\":\"https:\\\/\\\/www.oxfordcorp.com\\\/fr\\\/hiring-notice-cybersecurity-tips-for-consultants\\\/#breadcrumb\"},\"inLanguage\":\"fr-FR\",\"potentialAction\":[{\"@type\":\"ReadAction\",\"target\":[\"https:\\\/\\\/www.oxfordcorp.com\\\/fr\\\/hiring-notice-cybersecurity-tips-for-consultants\\\/\"]}]},{\"@type\":\"BreadcrumbList\",\"@id\":\"https:\\\/\\\/www.oxfordcorp.com\\\/fr\\\/hiring-notice-cybersecurity-tips-for-consultants\\\/#breadcrumb\",\"itemListElement\":[{\"@type\":\"ListItem\",\"position\":1,\"name\":\"Home\",\"item\":\"https:\\\/\\\/www.oxfordcorp.com\\\/\"},{\"@type\":\"ListItem\",\"position\":2,\"name\":\"Avis de recrutement et conseils en mati\u00e8re de cybers\u00e9curit\u00e9 pour les consultants\"}]},{\"@type\":\"WebSite\",\"@id\":\"https:\\\/\\\/www.oxfordcorp.com\\\/de\\\/#website\",\"url\":\"https:\\\/\\\/www.oxfordcorp.com\\\/de\\\/\",\"name\":\"Oxford\",\"description\":\"Global\",\"potentialAction\":[{\"@type\":\"SearchAction\",\"target\":{\"@type\":\"EntryPoint\",\"urlTemplate\":\"https:\\\/\\\/www.oxfordcorp.com\\\/de\\\/?s={search_term_string}\"},\"query-input\":{\"@type\":\"PropertyValueSpecification\",\"valueRequired\":true,\"valueName\":\"search_term_string\"}}],\"inLanguage\":\"fr-FR\"}]}<\/script>\n<!-- \/ Yoast SEO Premium plugin. -->","yoast_head_json":{"title":"Avis de recrutement et conseils en mati\u00e8re de cybers\u00e9curit\u00e9 pour les consultants - Oxford","robots":{"index":"index","follow":"follow","max-snippet":"max-snippet:-1","max-image-preview":"max-image-preview:large","max-video-preview":"max-video-preview:-1"},"canonical":"https:\/\/www.oxfordcorp.com\/fr\/hiring-notice-cybersecurity-tips-for-consultants\/","og_locale":"fr_FR","og_type":"article","og_title":"Avis de recrutement et conseils en mati\u00e8re de cybers\u00e9curit\u00e9 pour les consultants","og_description":"Avis de recrutement et conseils en mati\u00e8re de cybers\u00e9curit\u00e9 pour les consultantsProtection de votre identit\u00e9 Postes de consultants: Dans le [&hellip;]","og_url":"https:\/\/www.oxfordcorp.com\/fr\/hiring-notice-cybersecurity-tips-for-consultants\/","og_site_name":"Oxford","article_modified_time":"2024-07-26T23:31:02+00:00","twitter_card":"summary_large_image","twitter_misc":{"Dur\u00e9e de lecture estim\u00e9e":"9 minutes"},"schema":{"@context":"https:\/\/schema.org","@graph":[{"@type":"WebPage","@id":"https:\/\/www.oxfordcorp.com\/fr\/hiring-notice-cybersecurity-tips-for-consultants\/","url":"https:\/\/www.oxfordcorp.com\/fr\/hiring-notice-cybersecurity-tips-for-consultants\/","name":"Avis de recrutement et conseils en mati\u00e8re de cybers\u00e9curit\u00e9 pour les consultants - Oxford","isPartOf":{"@id":"https:\/\/www.oxfordcorp.com\/de\/#website"},"datePublished":"2023-06-06T01:39:57+00:00","dateModified":"2024-07-26T23:31:02+00:00","breadcrumb":{"@id":"https:\/\/www.oxfordcorp.com\/fr\/hiring-notice-cybersecurity-tips-for-consultants\/#breadcrumb"},"inLanguage":"fr-FR","potentialAction":[{"@type":"ReadAction","target":["https:\/\/www.oxfordcorp.com\/fr\/hiring-notice-cybersecurity-tips-for-consultants\/"]}]},{"@type":"BreadcrumbList","@id":"https:\/\/www.oxfordcorp.com\/fr\/hiring-notice-cybersecurity-tips-for-consultants\/#breadcrumb","itemListElement":[{"@type":"ListItem","position":1,"name":"Home","item":"https:\/\/www.oxfordcorp.com\/"},{"@type":"ListItem","position":2,"name":"Avis de recrutement et conseils en mati\u00e8re de cybers\u00e9curit\u00e9 pour les consultants"}]},{"@type":"WebSite","@id":"https:\/\/www.oxfordcorp.com\/de\/#website","url":"https:\/\/www.oxfordcorp.com\/de\/","name":"Oxford","description":"Global","potentialAction":[{"@type":"SearchAction","target":{"@type":"EntryPoint","urlTemplate":"https:\/\/www.oxfordcorp.com\/de\/?s={search_term_string}"},"query-input":{"@type":"PropertyValueSpecification","valueRequired":true,"valueName":"search_term_string"}}],"inLanguage":"fr-FR"}]}},"_links":{"self":[{"href":"https:\/\/www.oxfordcorp.com\/fr\/wp-json\/wp\/v2\/pages\/15862","targetHints":{"allow":["GET"]}}],"collection":[{"href":"https:\/\/www.oxfordcorp.com\/fr\/wp-json\/wp\/v2\/pages"}],"about":[{"href":"https:\/\/www.oxfordcorp.com\/fr\/wp-json\/wp\/v2\/types\/page"}],"author":[{"embeddable":true,"href":"https:\/\/www.oxfordcorp.com\/fr\/wp-json\/wp\/v2\/users\/1"}],"replies":[{"embeddable":true,"href":"https:\/\/www.oxfordcorp.com\/fr\/wp-json\/wp\/v2\/comments?post=15862"}],"version-history":[{"count":0,"href":"https:\/\/www.oxfordcorp.com\/fr\/wp-json\/wp\/v2\/pages\/15862\/revisions"}],"wp:attachment":[{"href":"https:\/\/www.oxfordcorp.com\/fr\/wp-json\/wp\/v2\/media?parent=15862"}],"curies":[{"name":"wp","href":"https:\/\/api.w.org\/{rel}","templated":true}]}}