{"id":15864,"date":"2023-06-06T01:39:57","date_gmt":"2023-06-06T01:39:57","guid":{"rendered":"https:\/\/oxfordcorp.com\/hiring-notice-cybersecurity-tips-for-consultants\/"},"modified":"2024-07-26T23:37:28","modified_gmt":"2024-07-26T23:37:28","slug":"hiring-notice-cybersecurity-tips-for-consultants","status":"publish","type":"page","link":"https:\/\/www.oxfordcorp.com\/es\/hiring-notice-cybersecurity-tips-for-consultants\/","title":{"rendered":"Consejos de ciberseguridad y contrataci\u00f3n para los profesionales"},"content":{"rendered":"<p>[et_pb_section fb_built=\u00bb1&#8243; custom_padding_last_edited=\u00bboff|tablet\u00bb _builder_version=\u00bb4.21.0&#8243; _module_preset=\u00bbdefault\u00bb use_background_color_gradient=\u00bbon\u00bb background_color_gradient_direction=\u00bb67deg\u00bb background_color_gradient_stops=\u00bbrgba(0,0,0,0.76) 38%|rgba(0,0,0,0.11) 72%\u00bb background_color_gradient_overlays_image=\u00bbon\u00bb background_image=\u00bbhttps:\/\/www.oxfordcorp.com\/\/wp-content\/uploads\/2023\/06\/Wireless-Services.jpg\u00bb custom_padding=\u00bb0px||0px||false|false\u00bb custom_padding_tablet=\u00bb120px||50px||false|false\u00bb custom_padding_phone=\u00bb||30px||false|false\u00bb background_last_edited=\u00bbon|phone\u00bb use_background_color_gradient_tablet=\u00bbon\u00bb use_background_color_gradient_phone=\u00bbon\u00bb background_color_gradient_stops_tablet=\u00bbrgba(0,0,0,0.76) 54%|rgba(0,0,0,0.54) 54%\u00bb background_color_gradient_stops_phone=\u00bbrgba(0,0,0,0.76) 80%|rgba(0,0,0,0.54) 80%\u00bb background_position_phone=\u00bbcenter_right\u00bb global_colors_info=\u00bb{}\u00bb][et_pb_row column_structure=\u00bb1_2,1_2&#8243; _builder_version=\u00bb4.21.0&#8243; _module_preset=\u00bbdefault\u00bb background_image=\u00bbhttps:\/\/www.oxfordcorp.com\/\/wp-content\/uploads\/2023\/05\/lines-image-overlay-1.png\u00bb parallax=\u00bbon\u00bb parallax_method=\u00bboff\u00bb width=\u00bb100%\u00bb max_width=\u00bb1920px\u00bb custom_padding=\u00bb190px|10%|190px|10%|false|false\u00bb global_colors_info=\u00bb{}\u00bb][et_pb_column type=\u00bb1_2&#8243; _builder_version=\u00bb4.21.0&#8243; _module_preset=\u00bbdefault\u00bb global_colors_info=\u00bb{}\u00bb][et_pb_text _builder_version=\u00bb4.21.0&#8243; _module_preset=\u00bbdefault\u00bb text_text_color=\u00bb#FFFFFF\u00bb header_text_color=\u00bb#FFFFFF\u00bb header_font_size=\u00bb60px\u00bb header_line_height=\u00bb1.2em\u00bb header_2_text_color=\u00bb#FFCB00&#8243; header_2_font_size=\u00bb55px\u00bb header_2_line_height=\u00bb1.1em\u00bb custom_margin=\u00bb||22px||false|false\u00bb hover_enabled=\u00bb0&#8243; header_font_size_tablet=\u00bb60px\u00bb header_font_size_phone=\u00bb44px\u00bb header_font_size_last_edited=\u00bbon|phone\u00bb header_2_font_size_tablet=\u00bb55px\u00bb header_2_font_size_phone=\u00bb40px\u00bb header_2_font_size_last_edited=\u00bbon|phone\u00bb global_colors_info=\u00bb{}\u00bb sticky_enabled=\u00bb0&#8243;]<\/p>\n<h1><strong>Consejos de ciberseguridad y contrataci\u00f3n para los profesionales<\/strong><\/h1>\n<p>[\/et_pb_text][\/et_pb_column][et_pb_column type=\u00bb1_2&#8243; _builder_version=\u00bb4.21.0&#8243; _module_preset=\u00bbdefault\u00bb global_colors_info=\u00bb{}\u00bb][\/et_pb_column][\/et_pb_row][\/et_pb_section][et_pb_section fb_built=\u00bb1&#8243; _builder_version=\u00bb4.21.0&#8243; _module_preset=\u00bbdefault\u00bb global_colors_info=\u00bb{}\u00bb][et_pb_row _builder_version=\u00bb4.21.0&#8243; _module_preset=\u00bbdefault\u00bb global_colors_info=\u00bb{}\u00bb][et_pb_column type=\u00bb4_4&#8243; _builder_version=\u00bb4.21.0&#8243; _module_preset=\u00bbdefault\u00bb global_colors_info=\u00bb{}\u00bb][et_pb_text _builder_version=\u00bb4.25.1&#8243; _module_preset=\u00bbdefault\u00bb hover_enabled=\u00bb0&#8243; global_colors_info=\u00bb{}\u00bb sticky_enabled=\u00bb0&#8243;]<\/p>\n<h2>Protegemos tu identidad<\/h2>\n<p><u>Puestos de consultor<\/u>: En nuestro empe\u00f1o por ofrecerte grandes oportunidades profesionales, recopilaremos informaci\u00f3n detallada que te concierne. Adem\u00e1s de para conocer tu experiencia laboral, tambi\u00e9n te pediremos documentos e informaci\u00f3n para verificar tu identidad. Posteriormente, si recibes una oferta de empleo a trav\u00e9s nuestro, tendr\u00e1s que facilitarnos m\u00e1s informaci\u00f3n para domiciliar tu n\u00f3mina.  <\/p>\n<p><u>Puestos en plantilla<\/u>: Un miembro de nuestro equipo de selecci\u00f3n de personal te llamar\u00e1 por tel\u00e9fono o te enviar\u00e1 un correo electr\u00f3nico para concertar una entrevista. Oxford nunca te har\u00e1 una oferta de trabajo sin haber pasado antes por nuestro proceso de entrevistas. Antes de la etapa de contrataci\u00f3n, se te pedir\u00e1 que completes una solicitud en l\u00ednea a la que se accede a trav\u00e9s de un portal seguro. Si se te ofrece empleo, los pasos de incorporaci\u00f3n tambi\u00e9n se completar\u00e1n a trav\u00e9s de un portal seguro.   <\/p>\n<p><em>NOTA IMPORTANTE: Oxford no te enviar\u00e1 dinero para comprar material adicional ni te pedir\u00e1 informaci\u00f3n sobre tu tarjeta de cr\u00e9dito durante el proceso de contrataci\u00f3n.<\/em><\/p>\n<p>Puedes estar seguro de que entendemos lo fundamental que es proteger tu informaci\u00f3n sensible. Conoce el proceso de Oxford, lo que hacemos y pedimos (y lo que no) para poder entender las medidas que adoptamos para salvaguardar tu informaci\u00f3n personal y ayudarte a protegerte contra los fraudes de phishing. <\/p>\n<h2>Informaci\u00f3n que no pedimos<\/h2>\n<p><strong>Nunca:<\/strong><\/p>\n<ul>\n<li>Te pediremos datos bancarios ni otra informaci\u00f3n financiera como parte del proceso de respuesta a una candidatura.<\/li>\n<li>Te enviaremos dinero para comprar material adicional ni te pediremos informaci\u00f3n sobre tu tarjeta bancaria.<\/li>\n<li>Te pediremos ning\u00fan identificador \u00fanico adicional ni datos institucionales hasta que te hayamos confirmado directamente tu primera contrataci\u00f3n.<\/li>\n<li>Te pediremos que nos facilites nombres de usuario y contrase\u00f1as u otra informaci\u00f3n personal (y debes sospechar si alguien lo hace).<\/li>\n<\/ul>\n<h2>Consejos para ayudarte a tener una experiencia segura en l\u00ednea<\/h2>\n<p>Por desgracia, algunas de las mayores amenazas para tus datos personales son poco sofisticadas: por ejemplo, estafadores que te llaman o te env\u00edan un correo haci\u00e9ndose pasar por reclutadores y agencias de colocaci\u00f3n para acceder a tus datos personales, incluida informaci\u00f3n de bancos o entidades financieras.<\/p>\n<p><strong>Tener una experiencia segura en l\u00ednea, al buscar empleo y en otras situaciones, pasa ante todo por ser inteligente. Si todav\u00eda no lo eres, adopta estos tres sencillos pasos como h\u00e1bito. <\/strong><\/p>\n<ol>\n<li><strong>Si no conf\u00edas en \u00e9l, no hagas clic.<\/strong> Los estafadores con el m\u00e9todo de phishing suelen enviar correos electr\u00f3nicos que incluyen enlaces y documentos que contienen malware o tecnolog\u00eda que puede robar informaci\u00f3n sensible, incluidas las credenciales de acceso y contrase\u00f1as en l\u00ednea. Sigue tu instinto y, si no conf\u00edas en \u00e9l, no hagas clic. Y si no est\u00e1s seguro sobre un correo electr\u00f3nico que has recibido, llama a tu contacto de Oxford, que podr\u00e1 ayudarte a aclararlo.  <\/li>\n<li><strong>Si alguien a quien no conoces te llama o te env\u00eda un correo electr\u00f3nico para pedirte informaci\u00f3n personal, como tu cuenta bancaria, fecha de nacimiento o informaci\u00f3n de identificaci\u00f3n personal, no se la facilites. <\/strong>Algunos estafadores falsifican los identificadores de llamadas. Si tienes la m\u00e1s m\u00ednima duda, contacta con la empresa a trav\u00e9s de los canales oficiales e investiga. Para cualquier cosa relacionada con Oxford, no dudes en <a href=\"https:\/\/www.oxfordcorp.com\/es\/contacto\/\">contactarnos<\/a>.  <\/li>\n<li><strong>Crea contrase\u00f1as complicadas, \u00fanicas, dif\u00edciles de adivinar<\/strong> con ocho caracteres como m\u00ednimo (muchas empresas de ciberseguridad recomiendan como m\u00ednimo 15 o incluso 20 caracteres). No vuelvas a utilizar nunca una contrase\u00f1a y actualiza las contrase\u00f1as peri\u00f3dicamente. Resiste la tentaci\u00f3n de guardar tus contrase\u00f1as en tu navegador.  <\/li>\n<\/ol>\n<p>Para m\u00e1s informaci\u00f3n sobre los datos que recopilamos y c\u00f3mo los utilizamos, consulta nuestra <a href=\"https:\/\/www.oxfordcorp.com\/es\/privacy-policy\/\">Pol\u00edtica de privacidad<\/a>.<\/p>\n<p>Puedes enviar tus preguntas o comentarios relativos a nuestras Directrices sobre ciberseguridad a <a href=\"mailto:help_desk@oxfordcorp.com\">help_desk@oxfordcorp.com<\/a>.<\/p>\n<p>[\/et_pb_text][\/et_pb_column][\/et_pb_row][\/et_pb_section][et_pb_section fb_built=\u00bb1&#8243; _builder_version=\u00bb4.21.0&#8243; _module_preset=\u00bbdefault\u00bb background_color=\u00bb#000000&#8243; background_image=\u00bbhttps:\/\/www.oxfordcorp.com\/\/wp-content\/uploads\/2023\/05\/line-2.png\u00bb parallax=\u00bbon\u00bb parallax_method=\u00bboff\u00bb custom_padding=\u00bb90px||90px||true|\u00bb saved_tabs=\u00bball\u00bb locked=\u00bboff\u00bb global_colors_info=\u00bb{}\u00bb][et_pb_row column_structure=\u00bb2_3,1_3&#8243; _builder_version=\u00bb4.21.0&#8243; _module_preset=\u00bbdefault\u00bb custom_padding=\u00bb||9px|||\u00bb global_colors_info=\u00bb{}\u00bb][et_pb_column type=\u00bb2_3&#8243; _builder_version=\u00bb4.21.0&#8243; _module_preset=\u00bbdefault\u00bb global_colors_info=\u00bb{}\u00bb][et_pb_text _builder_version=\u00bb4.21.0&#8243; _module_preset=\u00bbdefault\u00bb text_text_color=\u00bb#FFCB00&#8243; header_font_size=\u00bb32px\u00bb header_2_font=\u00bb|700|||||||\u00bb header_2_text_color=\u00bb#FFCB00&#8243; header_2_font_size=\u00bb32px\u00bb hover_enabled=\u00bb0&#8243; locked=\u00bboff\u00bb global_colors_info=\u00bb{}\u00bb sticky_enabled=\u00bb0&#8243;]<\/p>\n<h2>Construida sobre relaciones s\u00f3lidas. Construida por personas.  <\/h2>\n<p>[\/et_pb_text][et_pb_menu menu_id=\u00bb106&#8243; active_link_color=\u00bb#FFCB00&#8243; disabled_on=\u00bboff|off|off\u00bb _builder_version=\u00bb4.21.0&#8243; _module_preset=\u00bbdefault\u00bb menu_font=\u00bb|700|||||||\u00bb menu_text_color=\u00bb#FFFFFF\u00bb background_enable_color=\u00bboff\u00bb background_layout=\u00bbdark\u00bb use_opened_menu_on_phone=\u00bbon\u00bb global_colors_info=\u00bb{}\u00bb menu_text_color__hover_enabled=\u00bbon|hover\u00bb menu_text_color__hover=\u00bb#FFCB00&#8243;][\/et_pb_menu][\/et_pb_column][et_pb_column type=\u00bb1_3&#8243; _builder_version=\u00bb4.21.0&#8243; _module_preset=\u00bbdefault\u00bb global_colors_info=\u00bb{}\u00bb][et_pb_icon icon_color=\u00bb#FFFFFF\u00bb icon_width=\u00bb21px\u00bb url=\u00bb#\u00bb align=\u00bbright\u00bb _builder_version=\u00bb4.21.0&#8243; _module_preset=\u00bbdefault\u00bb custom_padding=\u00bb5px|5px|5px|5px|false|false\u00bb border_width_all=\u00bb1.5px\u00bb border_color_all=\u00bb#FFFFFF\u00bb global_colors_info=\u00bb{}\u00bb border_color_all__hover_enabled=\u00bbon|hover\u00bb border_color_all__hover=\u00bb#FFCB00&#8243; background__hover_enabled=\u00bbon|hover\u00bb background_color__hover=\u00bb#FFCB00&#8243; background_enable_color__hover=\u00bbon\u00bb icon_color__hover_enabled=\u00bbon|hover\u00bb icon_color__hover=\u00bb#000000&#8243;][\/et_pb_icon][\/et_pb_column][\/et_pb_row][et_pb_row column_structure=\u00bb3_5,2_5&#8243; make_equal=\u00bbon\u00bb _builder_version=\u00bb4.21.0&#8243; _module_preset=\u00bbdefault\u00bb global_colors_info=\u00bb{}\u00bb][et_pb_column type=\u00bb3_5&#8243; _builder_version=\u00bb4.21.0&#8243; _module_preset=\u00bbdefault\u00bb custom_css_main_element=\u00bbmargin: auto;\u00bb global_colors_info=\u00bb{}\u00bb][et_pb_menu menu_id=\u00bb22&#8243; active_link_color=\u00bb#FFCB00&#8243; disabled_on=\u00bboff|off|off\u00bb _builder_version=\u00bb4.21.0&#8243; _module_preset=\u00bbdefault\u00bb menu_font=\u00bb||||||||\u00bb menu_text_color=\u00bb#FFFFFF\u00bb menu_font_size=\u00bb12px\u00bb background_enable_color=\u00bboff\u00bb background_layout=\u00bbdark\u00bb custom_padding_tablet=\u00bb\u00bb custom_padding_phone=\u00bb||30px||false|false\u00bb custom_padding_last_edited=\u00bbon|phone\u00bb use_opened_menu_on_phone=\u00bbon\u00bb global_colors_info=\u00bb{}\u00bb active_link_color__hover_enabled=\u00bbon|hover\u00bb active_link_color__hover=\u00bb#FFCB00&#8243;][\/et_pb_menu][\/et_pb_column][et_pb_column type=\u00bb2_5&#8243; _builder_version=\u00bb4.21.0&#8243; _module_preset=\u00bbdefault\u00bb global_colors_info=\u00bb{}\u00bb][et_pb_social_media_follow _builder_version=\u00bb4.21.0&#8243; _module_preset=\u00bbdefault\u00bb text_orientation=\u00bbright\u00bb global_colors_info=\u00bb{}\u00bb][et_pb_social_media_follow_network social_network=\u00bblinkedin\u00bb url=\u00bbhttps:\/\/www.linkedin.com\/company\/oxford-global-resources\/%20&#8243; icon_color=\u00bb#000000&#8243; use_icon_font_size=\u00bbon\u00bb icon_font_size=\u00bb18px\u00bb _builder_version=\u00bb4.21.0&#8243; _module_preset=\u00bbdefault\u00bb background_color=\u00bb#FFFFFF\u00bb background_enable_color=\u00bbon\u00bb border_radii=\u00bbon|0px|0px|0px|0px\u00bb global_colors_info=\u00bb{}\u00bb background__hover_enabled=\u00bbon|hover\u00bb background_color__hover=\u00bb#FFCB00&#8243; background_enable_color__hover=\u00bbon\u00bb follow_button=\u00bboff\u00bb url_new_window=\u00bbon\u00bb]linkedin[\/et_pb_social_media_follow_network][et_pb_social_media_follow_network social_network=\u00bbfacebook\u00bb url=\u00bbhttps:\/\/www.facebook.com\/OxfordOGR%20&#8243; icon_color=\u00bb#000000&#8243; use_icon_font_size=\u00bbon\u00bb icon_font_size=\u00bb18px\u00bb _builder_version=\u00bb4.21.0&#8243; _module_preset=\u00bbdefault\u00bb background_color=\u00bb#FFFFFF\u00bb background_enable_color=\u00bbon\u00bb border_radii=\u00bbon|0px|0px|0px|0px\u00bb global_colors_info=\u00bb{}\u00bb background__hover_enabled=\u00bbon|hover\u00bb background_color__hover=\u00bb#FFCB00&#8243; background_enable_color__hover=\u00bbon\u00bb follow_button=\u00bboff\u00bb url_new_window=\u00bbon\u00bb]facebook[\/et_pb_social_media_follow_network][et_pb_social_media_follow_network social_network=\u00bbinstagram\u00bb url=\u00bbhttps:\/\/www.instagram.com\/oxfordglobalresources\/\u00bb icon_color=\u00bb#000000&#8243; use_icon_font_size=\u00bbon\u00bb icon_font_size=\u00bb18px\u00bb _builder_version=\u00bb4.21.0&#8243; _module_preset=\u00bbdefault\u00bb background_color=\u00bb#FFFFFF\u00bb background_enable_color=\u00bbon\u00bb border_radii=\u00bbon|0px|0px|0px|0px\u00bb global_colors_info=\u00bb{}\u00bb background__hover_enabled=\u00bbon|hover\u00bb background_color__hover=\u00bb#FFCB00&#8243; background_enable_color__hover=\u00bbon\u00bb follow_button=\u00bboff\u00bb url_new_window=\u00bbon\u00bb]instagram[\/et_pb_social_media_follow_network][\/et_pb_social_media_follow][\/et_pb_column][\/et_pb_row][\/et_pb_section]<\/p>\n","protected":false},"excerpt":{"rendered":"<p>Consejos de ciberseguridad y contrataci\u00f3n para los profesionalesProtegemos tu identidad Puestos de consultor: En nuestro empe\u00f1o por ofrecerte grandes oportunidades [&hellip;]<\/p>\n","protected":false},"author":1,"featured_media":0,"parent":0,"menu_order":0,"comment_status":"closed","ping_status":"closed","template":"","meta":{"_et_pb_use_builder":"on","_et_pb_old_content":"","_et_gb_content_width":"","footnotes":""},"class_list":["post-15864","page","type-page","status-publish","hentry"],"yoast_head":"<!-- This site is optimized with the Yoast SEO Premium plugin v27.3 (Yoast SEO v27.3) - https:\/\/yoast.com\/product\/yoast-seo-premium-wordpress\/ -->\n<title>Consejos de ciberseguridad y contrataci\u00f3n para los profesionales - Oxford Global Resources<\/title>\n<meta name=\"robots\" content=\"index, follow, max-snippet:-1, max-image-preview:large, max-video-preview:-1\" \/>\n<link rel=\"canonical\" href=\"https:\/\/www.oxfordcorp.com\/hiring-notice-cybersecurity-tips-for-consultants\/\" \/>\n<meta property=\"og:locale\" content=\"es_ES\" \/>\n<meta property=\"og:type\" content=\"article\" \/>\n<meta property=\"og:title\" content=\"Consejos de ciberseguridad y contrataci\u00f3n para los profesionales\" \/>\n<meta property=\"og:description\" content=\"Consejos de ciberseguridad y contrataci\u00f3n para los profesionalesProtegemos tu identidad Puestos de consultor: En nuestro empe\u00f1o por ofrecerte grandes oportunidades [&hellip;]\" \/>\n<meta property=\"og:url\" content=\"https:\/\/www.oxfordcorp.com\/hiring-notice-cybersecurity-tips-for-consultants\/\" \/>\n<meta property=\"og:site_name\" content=\"Oxford Global Resources\" \/>\n<meta property=\"article:modified_time\" content=\"2024-07-26T23:37:28+00:00\" \/>\n<meta name=\"twitter:card\" content=\"summary_large_image\" \/>\n<meta name=\"twitter:label1\" content=\"Tiempo de lectura\" \/>\n\t<meta name=\"twitter:data1\" content=\"8 minutos\" \/>\n<script type=\"application\/ld+json\" class=\"yoast-schema-graph\">{\"@context\":\"https:\\\/\\\/schema.org\",\"@graph\":[{\"@type\":\"WebPage\",\"@id\":\"https:\\\/\\\/www.oxfordcorp.com\\\/hiring-notice-cybersecurity-tips-for-consultants\\\/\",\"url\":\"https:\\\/\\\/www.oxfordcorp.com\\\/hiring-notice-cybersecurity-tips-for-consultants\\\/\",\"name\":\"Consejos de ciberseguridad y contrataci\u00f3n para los profesionales - Oxford Global Resources\",\"isPartOf\":{\"@id\":\"https:\\\/\\\/www.oxfordcorp.com\\\/de\\\/#website\"},\"datePublished\":\"2023-06-06T01:39:57+00:00\",\"dateModified\":\"2024-07-26T23:37:28+00:00\",\"breadcrumb\":{\"@id\":\"https:\\\/\\\/www.oxfordcorp.com\\\/hiring-notice-cybersecurity-tips-for-consultants\\\/#breadcrumb\"},\"inLanguage\":\"es\",\"potentialAction\":[{\"@type\":\"ReadAction\",\"target\":[\"https:\\\/\\\/www.oxfordcorp.com\\\/hiring-notice-cybersecurity-tips-for-consultants\\\/\"]}]},{\"@type\":\"BreadcrumbList\",\"@id\":\"https:\\\/\\\/www.oxfordcorp.com\\\/hiring-notice-cybersecurity-tips-for-consultants\\\/#breadcrumb\",\"itemListElement\":[{\"@type\":\"ListItem\",\"position\":1,\"name\":\"Home\",\"item\":\"https:\\\/\\\/www.oxfordcorp.com\\\/es\\\/final-homepage-2\\\/\"},{\"@type\":\"ListItem\",\"position\":2,\"name\":\"Consejos de ciberseguridad y contrataci\u00f3n para los profesionales\"}]},{\"@type\":\"WebSite\",\"@id\":\"https:\\\/\\\/www.oxfordcorp.com\\\/de\\\/#website\",\"url\":\"https:\\\/\\\/www.oxfordcorp.com\\\/de\\\/\",\"name\":\"Oxford Global Resources\",\"description\":\"Global\",\"potentialAction\":[{\"@type\":\"SearchAction\",\"target\":{\"@type\":\"EntryPoint\",\"urlTemplate\":\"https:\\\/\\\/www.oxfordcorp.com\\\/de\\\/?s={search_term_string}\"},\"query-input\":{\"@type\":\"PropertyValueSpecification\",\"valueRequired\":true,\"valueName\":\"search_term_string\"}}],\"inLanguage\":\"es\"}]}<\/script>\n<!-- \/ Yoast SEO Premium plugin. -->","yoast_head_json":{"title":"Consejos de ciberseguridad y contrataci\u00f3n para los profesionales - Oxford Global Resources","robots":{"index":"index","follow":"follow","max-snippet":"max-snippet:-1","max-image-preview":"max-image-preview:large","max-video-preview":"max-video-preview:-1"},"canonical":"https:\/\/www.oxfordcorp.com\/hiring-notice-cybersecurity-tips-for-consultants\/","og_locale":"es_ES","og_type":"article","og_title":"Consejos de ciberseguridad y contrataci\u00f3n para los profesionales","og_description":"Consejos de ciberseguridad y contrataci\u00f3n para los profesionalesProtegemos tu identidad Puestos de consultor: En nuestro empe\u00f1o por ofrecerte grandes oportunidades [&hellip;]","og_url":"https:\/\/www.oxfordcorp.com\/hiring-notice-cybersecurity-tips-for-consultants\/","og_site_name":"Oxford Global Resources","article_modified_time":"2024-07-26T23:37:28+00:00","twitter_card":"summary_large_image","twitter_misc":{"Tiempo de lectura":"8 minutos"},"schema":{"@context":"https:\/\/schema.org","@graph":[{"@type":"WebPage","@id":"https:\/\/www.oxfordcorp.com\/hiring-notice-cybersecurity-tips-for-consultants\/","url":"https:\/\/www.oxfordcorp.com\/hiring-notice-cybersecurity-tips-for-consultants\/","name":"Consejos de ciberseguridad y contrataci\u00f3n para los profesionales - Oxford Global Resources","isPartOf":{"@id":"https:\/\/www.oxfordcorp.com\/de\/#website"},"datePublished":"2023-06-06T01:39:57+00:00","dateModified":"2024-07-26T23:37:28+00:00","breadcrumb":{"@id":"https:\/\/www.oxfordcorp.com\/hiring-notice-cybersecurity-tips-for-consultants\/#breadcrumb"},"inLanguage":"es","potentialAction":[{"@type":"ReadAction","target":["https:\/\/www.oxfordcorp.com\/hiring-notice-cybersecurity-tips-for-consultants\/"]}]},{"@type":"BreadcrumbList","@id":"https:\/\/www.oxfordcorp.com\/hiring-notice-cybersecurity-tips-for-consultants\/#breadcrumb","itemListElement":[{"@type":"ListItem","position":1,"name":"Home","item":"https:\/\/www.oxfordcorp.com\/es\/final-homepage-2\/"},{"@type":"ListItem","position":2,"name":"Consejos de ciberseguridad y contrataci\u00f3n para los profesionales"}]},{"@type":"WebSite","@id":"https:\/\/www.oxfordcorp.com\/de\/#website","url":"https:\/\/www.oxfordcorp.com\/de\/","name":"Oxford Global Resources","description":"Global","potentialAction":[{"@type":"SearchAction","target":{"@type":"EntryPoint","urlTemplate":"https:\/\/www.oxfordcorp.com\/de\/?s={search_term_string}"},"query-input":{"@type":"PropertyValueSpecification","valueRequired":true,"valueName":"search_term_string"}}],"inLanguage":"es"}]}},"_links":{"self":[{"href":"https:\/\/www.oxfordcorp.com\/es\/wp-json\/wp\/v2\/pages\/15864","targetHints":{"allow":["GET"]}}],"collection":[{"href":"https:\/\/www.oxfordcorp.com\/es\/wp-json\/wp\/v2\/pages"}],"about":[{"href":"https:\/\/www.oxfordcorp.com\/es\/wp-json\/wp\/v2\/types\/page"}],"author":[{"embeddable":true,"href":"https:\/\/www.oxfordcorp.com\/es\/wp-json\/wp\/v2\/users\/1"}],"replies":[{"embeddable":true,"href":"https:\/\/www.oxfordcorp.com\/es\/wp-json\/wp\/v2\/comments?post=15864"}],"version-history":[{"count":0,"href":"https:\/\/www.oxfordcorp.com\/es\/wp-json\/wp\/v2\/pages\/15864\/revisions"}],"wp:attachment":[{"href":"https:\/\/www.oxfordcorp.com\/es\/wp-json\/wp\/v2\/media?parent=15864"}],"curies":[{"name":"wp","href":"https:\/\/api.w.org\/{rel}","templated":true}]}}