{"id":23998,"date":"2023-08-09T14:00:05","date_gmt":"2023-08-09T14:00:05","guid":{"rendered":"https:\/\/oxfordcorp.com\/i-am-talent-thank-you\/"},"modified":"2024-07-26T15:57:06","modified_gmt":"2024-07-26T15:57:06","slug":"i-am-talent-thank-you","status":"publish","type":"page","link":"https:\/\/www.oxfordcorp.com\/de\/i-am-talent-thank-you\/","title":{"rendered":"I am Talent Thank You"},"content":{"rendered":"<p>[et_pb_section fb_built=&#8220;1&#8243; custom_padding_last_edited=&#8220;on|phone&#8220; _builder_version=&#8220;4.21.0&#8243; _module_preset=&#8220;default&#8220; background_image=&#8220;https:\/\/www.oxfordcorp.com\/\/wp-content\/uploads\/2023\/05\/full-watermark.png&#8220; parallax=&#8220;on&#8220; custom_padding=&#8220;100px||100px|||&#8220; custom_padding_tablet=&#8220;77px||81px|||&#8220; custom_padding_phone=&#8220;40px||40px||false|false&#8220; background_last_edited=&#8220;on|phone&#8220; use_background_color_gradient_tablet=&#8220;on&#8220; use_background_color_gradient_phone=&#8220;on&#8220; background_color_gradient_stops_tablet=&#8220;rgba(255,255,255,0) 100%|#1f4ba0 100%&#8220; background_color_gradient_stops_phone=&#8220;rgba(255,255,255,0) 100%|#1f4ba0 100%&#8220; parallax_phone=&#8220;off&#8220; global_colors_info=&#8220;{}&#8220;][et_pb_row column_structure=&#8220;1_2,1_2&#8243; make_equal=&#8220;on&#8220; _builder_version=&#8220;4.21.0&#8243; _module_preset=&#8220;default&#8220; custom_margin_tablet=&#8220;50px||50px||false|false&#8220; custom_margin_phone=&#8220;50px||50px||false|false&#8220; custom_margin_last_edited=&#8220;on|phone&#8220; custom_padding=&#8220;0px||0px|||&#8220; global_colors_info=&#8220;{}&#8220;][et_pb_column type=&#8220;1_2&#8243; _builder_version=&#8220;4.21.0&#8243; _module_preset=&#8220;default&#8220; custom_css_main_element=&#8220;margin: auto;&#8220; global_colors_info=&#8220;{}&#8220;][et_pb_text _builder_version=&#8220;4.21.0&#8243; _module_preset=&#8220;default&#8220; header_text_color=&#8220;#000000&#8243; header_font_size=&#8220;60px&#8220; header_line_height=&#8220;1.2em&#8220; custom_margin=&#8220;||22px|||&#8220; header_font_size_tablet=&#8220;60px&#8220; header_font_size_phone=&#8220;38px&#8220; header_font_size_last_edited=&#8220;on|phone&#8220; global_colors_info=&#8220;{}&#8220;]<\/p>\n<h1><strong>Vielen Dank<\/strong><\/h1>\n<p>[\/et_pb_text][et_pb_text _builder_version=&#8220;4.21.0&#8243; _module_preset=&#8220;default&#8220; text_font_size=&#8220;21px&#8220; text_line_height=&#8220;1.8em&#8220; text_font_size_tablet=&#8220;21px&#8220; text_font_size_phone=&#8220;19px&#8220; text_font_size_last_edited=&#8220;on|desktop&#8220; global_colors_info=&#8220;{}&#8220;]Danke, dass Sie Oxford kontaktiert haben. Ein Mitarbeiter aus unserem Team wird sich in K\u00fcrze mit Ihnen in Verbindung setzen.<br \/>\n[\/et_pb_text][\/et_pb_column][et_pb_column type=&#8220;1_2&#8243; _builder_version=&#8220;4.21.0&#8243; _module_preset=&#8220;default&#8220; global_colors_info=&#8220;{}&#8220;][et_pb_image src=&#8220;https:\/\/www.oxfordcorp.com\/\/wp-content\/uploads\/2023\/05\/blank.png&#8220; title_text=&#8220;fintech-i-am&#8220; module_class=&#8220;box&#8220; _builder_version=&#8220;4.25.1&#8243; _module_preset=&#8220;default&#8220; background_color=&#8220;#FFCB00&#8243; background_image=&#8220;https:\/\/www.oxfordcorp.com\/wp-content\/uploads\/2024\/06\/fintech-i-am.jpg&#8220; background_enable_video_mp4=&#8220;off&#8220; border_width_top=&#8220;30px&#8220; border_color_top=&#8220;rgba(31,75,160,0.75)&#8220; border_width_right=&#8220;30px&#8220; border_color_right=&#8220;rgba(31,75,160,0.75)&#8220; global_colors_info=&#8220;{}&#8220;][\/et_pb_image][\/et_pb_column][\/et_pb_row][\/et_pb_section][et_pb_section fb_built=&#8220;1&#8243; _builder_version=&#8220;4.21.0&#8243; _module_preset=&#8220;default&#8220; background_color=&#8220;#F2F2F2&#8243; background_enable_image=&#8220;off&#8220; parallax=&#8220;on&#8220; parallax_method=&#8220;off&#8220; custom_padding=&#8220;80px||82px|||&#8220; saved_tabs=&#8220;all&#8220; locked=&#8220;off&#8220; global_colors_info=&#8220;{}&#8220;][et_pb_row column_structure=&#8220;1_3,1_3,1_3&#8243; use_custom_gutter=&#8220;on&#8220; gutter_width=&#8220;2&#8243; make_equal=&#8220;on&#8220; _builder_version=&#8220;4.25.1&#8243; _module_preset=&#8220;default&#8220; hover_enabled=&#8220;0&#8243; global_colors_info=&#8220;{}&#8220; sticky_enabled=&#8220;0&#8243;][et_pb_column type=&#8220;1_3&#8243; module_class=&#8220;box3&#8243; _builder_version=&#8220;4.25.1&#8243; _module_preset=&#8220;default&#8220; background_color=&#8220;#000000&#8243; hover_transition_speed_curve=&#8220;ease-in&#8220; link_option_url=&#8220;https:\/\/www.oxfordcorp.com\/de\/modernes-unternehmertum\/&#8220; scroll_vertical_motion=&#8220;0|25|25|100|4|0|0&#8243; hover_enabled=&#8220;0&#8243; border_width_bottom=&#8220;14px&#8220; border_color_bottom=&#8220;#FFCB00&#8243; border_color_bottom_last_edited=&#8220;off|desktop&#8220; global_colors_info=&#8220;{}&#8220; background__hover_enabled=&#8220;on|desktop&#8220; background_color__hover=&#8220;#000000&#8243; background_enable_color__hover=&#8220;on&#8220; border_width_bottom__hover_enabled=&#8220;on|hover&#8220; border_color_bottom__hover_enabled=&#8220;on|hover&#8220; border_color_bottom__hover=&#8220;#016554&#8243; border_width_bottom__hover=&#8220;14px&#8220; sticky_enabled=&#8220;0&#8243;][et_pb_image src=&#8220;https:\/\/www.oxfordcorp.com\/wp-content\/uploads\/2023\/08\/modern-enterprise.jpeg&#8220; alt=&#8220;Modernes Unternehmertum&#8220; title_text=&#8220;modern-enterprise&#8220; show_bottom_space=&#8220;off&#8220; _builder_version=&#8220;4.21.0&#8243; _module_preset=&#8220;default&#8220; global_colors_info=&#8220;{}&#8220;][\/et_pb_image][et_pb_text _builder_version=&#8220;4.21.0&#8243; _module_preset=&#8220;default&#8220; text_text_color=&#8220;#FFFFFF&#8220; header_3_text_color=&#8220;#FFFFFF&#8220; header_3_font_size=&#8220;25px&#8220; header_3_line_height=&#8220;1.2em&#8220; background_image=&#8220;https:\/\/www.oxfordcorp.com\/\/wp-content\/uploads\/2023\/05\/right-arrow-1.png&#8220; background_size=&#8220;custom&#8220; background_image_width=&#8220;6%&#8220; background_position=&#8220;center_right&#8220; background_horizontal_offset=&#8220;6%&#8220; custom_padding=&#8220;30px|80px|24px|30px|false|false&#8220; global_colors_info=&#8220;{}&#8220;]<\/p>\n<h3><strong>Modernes Unternehmertum<\/strong><\/h3>\n<p> Wir entwerfen und entwickeln L\u00f6sungen zur Optimierung Ihres Gesch\u00e4fts durch den intelligenten Einsatz von Menschen, Prozessen, Technologien und Daten. Mit unseren L\u00f6sungen erhalten Sie den Einblick und die Kontrolle, die Sie f\u00fcr die Optimierung Ihrer Gesch\u00e4ftsabl\u00e4ufe ben\u00f6tigen.[\/et_pb_text][\/et_pb_column][et_pb_column type=&#8220;1_3&#8243; module_class=&#8220;box3&#8243; _builder_version=&#8220;4.25.1&#8243; _module_preset=&#8220;default&#8220; background_color=&#8220;#000000&#8243; hover_transition_speed_curve=&#8220;ease-in&#8220; link_option_url=&#8220;https:\/\/www.oxfordcorp.com\/de\/mobilisierung-von-arbeitskraeften\/&#8220; scroll_vertical_motion=&#8220;0|35|35|100|4|0|0&#8243; hover_enabled=&#8220;0&#8243; border_width_bottom=&#8220;14px&#8220; border_color_bottom=&#8220;#FFCB00&#8243; border_color_all_last_edited=&#8220;off|desktop&#8220; global_colors_info=&#8220;{}&#8220; background__hover_enabled=&#8220;on|desktop&#8220; background_color__hover=&#8220;#000000&#8243; background_enable_color__hover=&#8220;on&#8220; border_width_bottom__hover_enabled=&#8220;on|hover&#8220; border_color_bottom__hover=&#8220;#A62937&#8243; border_color_bottom__hover_enabled=&#8220;on|hover&#8220; border_color_all__hover_enabled=&#8220;on|hover&#8220; border_color_all__hover=&#8220;#A62937&#8243; border_width_bottom__hover=&#8220;14px&#8220; sticky_enabled=&#8220;0&#8243;][et_pb_image src=&#8220;https:\/\/www.oxfordcorp.com\/wp-content\/uploads\/2023\/08\/2.jpeg&#8220; alt=&#8220;Mobilisierung von Arbeitskr\u00e4ften&#8220; title_text=&#8220;2&#8243; show_bottom_space=&#8220;off&#8220; _builder_version=&#8220;4.21.0&#8243; _module_preset=&#8220;default&#8220; global_colors_info=&#8220;{}&#8220;][\/et_pb_image][et_pb_text _builder_version=&#8220;4.21.0&#8243; _module_preset=&#8220;default&#8220; text_text_color=&#8220;#FFFFFF&#8220; header_3_text_color=&#8220;#FFFFFF&#8220; header_3_font_size=&#8220;25px&#8220; header_3_line_height=&#8220;1.2em&#8220; background_image=&#8220;https:\/\/www.oxfordcorp.com\/\/wp-content\/uploads\/2023\/05\/right-arrow-1.png&#8220; background_size=&#8220;custom&#8220; background_image_width=&#8220;6%&#8220; background_position=&#8220;center_right&#8220; background_horizontal_offset=&#8220;6%&#8220; custom_padding=&#8220;30px|80px|24px|30px|false|false&#8220; global_colors_info=&#8220;{}&#8220;]<\/p>\n<h3><strong>Mobilisierung von Arbeitskr\u00e4ften<\/strong><\/h3>\n<p> Zusammen mit Ihnen stimmen wir unseren Ansatz optimal auf Ihre Bed\u00fcrfnisse ab. Ganz gleich, ob Sie eine gemeinsam verwaltete Personalaufstockung ben\u00f6tigen oder ein Projekt vollst\u00e4ndig auslagern m\u00f6chten: Wir bieten alles, was Sie brauchen.<br \/>\n[\/et_pb_text][\/et_pb_column][et_pb_column type=&#8220;1_3&#8243; module_class=&#8220;box3&#8243; _builder_version=&#8220;4.25.1&#8243; _module_preset=&#8220;default&#8220; background_color=&#8220;#000000&#8243; hover_transition_speed_curve=&#8220;ease-in&#8220; link_option_url=&#8220;https:\/\/www.oxfordcorp.com\/de\/digitaler-wandel\/&#8220; scroll_vertical_motion=&#8220;0|45|45|100|4|0|0&#8243; hover_enabled=&#8220;0&#8243; border_width_bottom=&#8220;14px&#8220; border_color_bottom=&#8220;#FFCB00&#8243; global_colors_info=&#8220;{}&#8220; background__hover_enabled=&#8220;on|desktop&#8220; background_color__hover=&#8220;#000000&#8243; background_enable_color__hover=&#8220;on&#8220; border_width_bottom__hover_enabled=&#8220;on|hover&#8220; border_color_bottom__hover=&#8220;#1F4BA0&#8243; border_color_bottom__hover_enabled=&#8220;on|hover&#8220; border_width_bottom__hover=&#8220;14px&#8220; sticky_enabled=&#8220;0&#8243;][et_pb_image src=&#8220;https:\/\/www.oxfordcorp.com\/wp-content\/uploads\/2023\/08\/Digital-Transformation-1.jpeg&#8220; alt=&#8220;Digitaler Wandel&#8220; title_text=&#8220;Digital-Transformation-1&#8243; show_bottom_space=&#8220;off&#8220; _builder_version=&#8220;4.21.0&#8243; _module_preset=&#8220;default&#8220; global_colors_info=&#8220;{}&#8220;][\/et_pb_image][et_pb_text _builder_version=&#8220;4.21.0&#8243; _module_preset=&#8220;default&#8220; text_text_color=&#8220;#FFFFFF&#8220; header_3_text_color=&#8220;#FFFFFF&#8220; header_3_font_size=&#8220;25px&#8220; header_3_line_height=&#8220;1.2em&#8220; background_image=&#8220;https:\/\/www.oxfordcorp.com\/\/wp-content\/uploads\/2023\/05\/right-arrow-1.png&#8220; background_size=&#8220;custom&#8220; background_image_width=&#8220;6%&#8220; background_position=&#8220;center_right&#8220; background_horizontal_offset=&#8220;6%&#8220; custom_padding=&#8220;30px|80px|24px|30px|false|false&#8220; global_colors_info=&#8220;{}&#8220;]<\/p>\n<h3><strong>Digitaler Wandel<\/strong><\/h3>\n<p> Wir helfen Ihnen, Ihr Unternehmenswachstum mithilfe modernster Technologien zu beschleunigen, damit Sie ein digitales Unternehmen werden.[\/et_pb_text][\/et_pb_column][\/et_pb_row][\/et_pb_section][et_pb_section fb_built=&#8220;1&#8243; _builder_version=&#8220;4.21.0&#8243; _module_preset=&#8220;default&#8220; background_color=&#8220;#000000&#8243; background_image=&#8220;https:\/\/www.oxfordcorp.com\/\/wp-content\/uploads\/2023\/05\/line-2.png&#8220; parallax=&#8220;on&#8220; parallax_method=&#8220;off&#8220; custom_padding=&#8220;90px||90px||true|&#8220; saved_tabs=&#8220;all&#8220; global_colors_info=&#8220;{}&#8220;][et_pb_row column_structure=&#8220;2_3,1_3&#8243; _builder_version=&#8220;4.21.0&#8243; _module_preset=&#8220;default&#8220; custom_padding=&#8220;||9px|||&#8220; global_colors_info=&#8220;{}&#8220;][et_pb_column type=&#8220;2_3&#8243; _builder_version=&#8220;4.21.0&#8243; _module_preset=&#8220;default&#8220; global_colors_info=&#8220;{}&#8220;][et_pb_text _builder_version=&#8220;4.21.0&#8243; _module_preset=&#8220;default&#8220; text_text_color=&#8220;#FFCB00&#8243; header_font_size=&#8220;32px&#8220; header_2_font=&#8220;|700|||||||&#8220; header_2_text_color=&#8220;#FFCB00&#8243; header_2_font_size=&#8220;32px&#8220; locked=&#8220;off&#8220; global_colors_info=&#8220;{}&#8220;]<\/p>\n<h2>Gegr\u00fcndet auf starken Beziehungen. Gegr\u00fcndet von Menschen. <\/h2>\n<p>[\/et_pb_text][et_pb_menu menu_id=&#8220;106&#8243; active_link_color=&#8220;#FFCB00&#8243; disabled_on=&#8220;off|off|off&#8220; _builder_version=&#8220;4.21.0&#8243; _module_preset=&#8220;default&#8220; menu_font=&#8220;|700|||||||&#8220; menu_text_color=&#8220;#FFFFFF&#8220; background_enable_color=&#8220;off&#8220; background_layout=&#8220;dark&#8220; use_opened_menu_on_phone=&#8220;on&#8220; global_colors_info=&#8220;{}&#8220; menu_text_color__hover_enabled=&#8220;on|hover&#8220; menu_text_color__hover=&#8220;#FFCB00&#8243;][\/et_pb_menu][\/et_pb_column][et_pb_column type=&#8220;1_3&#8243; _builder_version=&#8220;4.21.0&#8243; _module_preset=&#8220;default&#8220; global_colors_info=&#8220;{}&#8220;][et_pb_icon icon_color=&#8220;#FFFFFF&#8220; icon_width=&#8220;21px&#8220; url=&#8220;#&#8220; align=&#8220;right&#8220; _builder_version=&#8220;4.21.0&#8243; _module_preset=&#8220;default&#8220; custom_padding=&#8220;5px|5px|5px|5px|false|false&#8220; border_width_all=&#8220;1.5px&#8220; border_color_all=&#8220;#FFFFFF&#8220; global_colors_info=&#8220;{}&#8220; border_color_all__hover_enabled=&#8220;on|hover&#8220; border_color_all__hover=&#8220;#FFCB00&#8243; background__hover_enabled=&#8220;on|hover&#8220; background_color__hover=&#8220;#FFCB00&#8243; background_enable_color__hover=&#8220;on&#8220; icon_color__hover_enabled=&#8220;on|hover&#8220; icon_color__hover=&#8220;#000000&#8243;][\/et_pb_icon][\/et_pb_column][\/et_pb_row][et_pb_row column_structure=&#8220;3_5,2_5&#8243; make_equal=&#8220;on&#8220; _builder_version=&#8220;4.21.0&#8243; _module_preset=&#8220;default&#8220; global_colors_info=&#8220;{}&#8220;][et_pb_column type=&#8220;3_5&#8243; _builder_version=&#8220;4.21.0&#8243; _module_preset=&#8220;default&#8220; custom_css_main_element=&#8220;margin: auto;&#8220; global_colors_info=&#8220;{}&#8220;][et_pb_menu menu_id=&#8220;22&#8243; active_link_color=&#8220;#1F4BA0&#8243; disabled_on=&#8220;off|off|off&#8220; _builder_version=&#8220;4.21.0&#8243; _module_preset=&#8220;default&#8220; menu_font=&#8220;||||||||&#8220; menu_text_color=&#8220;#FFFFFF&#8220; menu_font_size=&#8220;12px&#8220; background_enable_color=&#8220;off&#8220; background_layout=&#8220;dark&#8220; custom_padding_tablet=&#8220;&#8220; custom_padding_phone=&#8220;||30px||false|false&#8220; custom_padding_last_edited=&#8220;on|phone&#8220; use_opened_menu_on_phone=&#8220;on&#8220; global_colors_info=&#8220;{}&#8220; active_link_color__hover_enabled=&#8220;on|hover&#8220; active_link_color__hover=&#8220;#FFCB00&#8243;][\/et_pb_menu][\/et_pb_column][et_pb_column type=&#8220;2_5&#8243; _builder_version=&#8220;4.21.0&#8243; _module_preset=&#8220;default&#8220; global_colors_info=&#8220;{}&#8220;][et_pb_social_media_follow _builder_version=&#8220;4.21.0&#8243; _module_preset=&#8220;default&#8220; text_orientation=&#8220;right&#8220; global_colors_info=&#8220;{}&#8220;][et_pb_social_media_follow_network social_network=&#8220;linkedin&#8220; url=&#8220;https:\/\/www.linkedin.com\/company\/oxford-global-resources\/%20&#8243; icon_color=&#8220;#000000&#8243; use_icon_font_size=&#8220;on&#8220; icon_font_size=&#8220;18px&#8220; _builder_version=&#8220;4.21.0&#8243; _module_preset=&#8220;default&#8220; background_color=&#8220;#FFFFFF&#8220; background_enable_color=&#8220;on&#8220; border_radii=&#8220;on|0px|0px|0px|0px&#8220; global_colors_info=&#8220;{}&#8220; background__hover_enabled=&#8220;on|hover&#8220; background_color__hover=&#8220;#FFCB00&#8243; background_enable_color__hover=&#8220;on&#8220; follow_button=&#8220;off&#8220; url_new_window=&#8220;on&#8220;]linkedin[\/et_pb_social_media_follow_network][et_pb_social_media_follow_network social_network=&#8220;facebook&#8220; url=&#8220;https:\/\/www.facebook.com\/OxfordOGR%20&#8243; icon_color=&#8220;#000000&#8243; use_icon_font_size=&#8220;on&#8220; icon_font_size=&#8220;18px&#8220; _builder_version=&#8220;4.21.0&#8243; _module_preset=&#8220;default&#8220; background_color=&#8220;#FFFFFF&#8220; background_enable_color=&#8220;on&#8220; border_radii=&#8220;on|0px|0px|0px|0px&#8220; global_colors_info=&#8220;{}&#8220; background__hover_enabled=&#8220;on|hover&#8220; background_color__hover=&#8220;#FFCB00&#8243; background_enable_color__hover=&#8220;on&#8220; follow_button=&#8220;off&#8220; url_new_window=&#8220;on&#8220;]facebook[\/et_pb_social_media_follow_network][et_pb_social_media_follow_network social_network=&#8220;instagram&#8220; url=&#8220;https:\/\/www.instagram.com\/oxfordglobalresources\/&#8220; icon_color=&#8220;#000000&#8243; use_icon_font_size=&#8220;on&#8220; icon_font_size=&#8220;18px&#8220; _builder_version=&#8220;4.21.0&#8243; _module_preset=&#8220;default&#8220; background_color=&#8220;#FFFFFF&#8220; background_enable_color=&#8220;on&#8220; border_radii=&#8220;on|0px|0px|0px|0px&#8220; global_colors_info=&#8220;{}&#8220; background__hover_enabled=&#8220;on|hover&#8220; background_color__hover=&#8220;#FFCB00&#8243; background_enable_color__hover=&#8220;on&#8220; follow_button=&#8220;off&#8220; url_new_window=&#8220;on&#8220;]instagram[\/et_pb_social_media_follow_network][\/et_pb_social_media_follow][\/et_pb_column][\/et_pb_row][\/et_pb_section]<\/p>\n","protected":false},"excerpt":{"rendered":"<p>Vielen Dank Danke, dass Sie Oxford kontaktiert haben. Ein Mitarbeiter aus unserem Team wird sich in K\u00fcrze mit Ihnen in [&hellip;]<\/p>\n","protected":false},"author":1,"featured_media":0,"parent":0,"menu_order":0,"comment_status":"closed","ping_status":"closed","template":"","meta":{"_et_pb_use_builder":"on","_et_pb_old_content":"","_et_gb_content_width":"","footnotes":""},"class_list":["post-23998","page","type-page","status-publish","hentry"],"yoast_head":"<!-- This site is optimized with the Yoast SEO Premium plugin v27.3 (Yoast SEO v27.3) - https:\/\/yoast.com\/product\/yoast-seo-premium-wordpress\/ -->\n<title>I am Talent Thank You - Oxford Global Resources<\/title>\n<meta name=\"robots\" content=\"index, follow, max-snippet:-1, max-image-preview:large, max-video-preview:-1\" \/>\n<link rel=\"canonical\" href=\"https:\/\/www.oxfordcorp.com\/i-am-talent-thank-you\/\" \/>\n<meta property=\"og:locale\" content=\"de_DE\" \/>\n<meta property=\"og:type\" content=\"article\" \/>\n<meta property=\"og:title\" content=\"I am Talent Thank You\" \/>\n<meta property=\"og:description\" content=\"Vielen Dank Danke, dass Sie Oxford kontaktiert haben. Ein Mitarbeiter aus unserem Team wird sich in K\u00fcrze mit Ihnen in [&hellip;]\" \/>\n<meta property=\"og:url\" content=\"https:\/\/www.oxfordcorp.com\/i-am-talent-thank-you\/\" \/>\n<meta property=\"og:site_name\" content=\"Oxford Global Resources\" \/>\n<meta property=\"article:modified_time\" content=\"2024-07-26T15:57:06+00:00\" \/>\n<meta name=\"twitter:card\" content=\"summary_large_image\" \/>\n<meta name=\"twitter:label1\" content=\"Gesch\u00e4tzte Lesezeit\" \/>\n\t<meta name=\"twitter:data1\" content=\"9\u00a0Minuten\" \/>\n<script type=\"application\/ld+json\" class=\"yoast-schema-graph\">{\"@context\":\"https:\\\/\\\/schema.org\",\"@graph\":[{\"@type\":\"WebPage\",\"@id\":\"https:\\\/\\\/www.oxfordcorp.com\\\/i-am-talent-thank-you\\\/\",\"url\":\"https:\\\/\\\/www.oxfordcorp.com\\\/i-am-talent-thank-you\\\/\",\"name\":\"I am Talent Thank You - Oxford Global Resources\",\"isPartOf\":{\"@id\":\"https:\\\/\\\/www.oxfordcorp.com\\\/de\\\/#website\"},\"datePublished\":\"2023-08-09T14:00:05+00:00\",\"dateModified\":\"2024-07-26T15:57:06+00:00\",\"breadcrumb\":{\"@id\":\"https:\\\/\\\/www.oxfordcorp.com\\\/i-am-talent-thank-you\\\/#breadcrumb\"},\"inLanguage\":\"de\",\"potentialAction\":[{\"@type\":\"ReadAction\",\"target\":[\"https:\\\/\\\/www.oxfordcorp.com\\\/i-am-talent-thank-you\\\/\"]}]},{\"@type\":\"BreadcrumbList\",\"@id\":\"https:\\\/\\\/www.oxfordcorp.com\\\/i-am-talent-thank-you\\\/#breadcrumb\",\"itemListElement\":[{\"@type\":\"ListItem\",\"position\":1,\"name\":\"Home\",\"item\":\"https:\\\/\\\/www.oxfordcorp.com\\\/de\\\/final-homepage-2\\\/\"},{\"@type\":\"ListItem\",\"position\":2,\"name\":\"I am Talent Thank You\"}]},{\"@type\":\"WebSite\",\"@id\":\"https:\\\/\\\/www.oxfordcorp.com\\\/de\\\/#website\",\"url\":\"https:\\\/\\\/www.oxfordcorp.com\\\/de\\\/\",\"name\":\"Oxford Global Resources\",\"description\":\"Global\",\"potentialAction\":[{\"@type\":\"SearchAction\",\"target\":{\"@type\":\"EntryPoint\",\"urlTemplate\":\"https:\\\/\\\/www.oxfordcorp.com\\\/de\\\/?s={search_term_string}\"},\"query-input\":{\"@type\":\"PropertyValueSpecification\",\"valueRequired\":true,\"valueName\":\"search_term_string\"}}],\"inLanguage\":\"de\"}]}<\/script>\n<!-- \/ Yoast SEO Premium plugin. -->","yoast_head_json":{"title":"I am Talent Thank You - Oxford Global Resources","robots":{"index":"index","follow":"follow","max-snippet":"max-snippet:-1","max-image-preview":"max-image-preview:large","max-video-preview":"max-video-preview:-1"},"canonical":"https:\/\/www.oxfordcorp.com\/i-am-talent-thank-you\/","og_locale":"de_DE","og_type":"article","og_title":"I am Talent Thank You","og_description":"Vielen Dank Danke, dass Sie Oxford kontaktiert haben. Ein Mitarbeiter aus unserem Team wird sich in K\u00fcrze mit Ihnen in [&hellip;]","og_url":"https:\/\/www.oxfordcorp.com\/i-am-talent-thank-you\/","og_site_name":"Oxford Global Resources","article_modified_time":"2024-07-26T15:57:06+00:00","twitter_card":"summary_large_image","twitter_misc":{"Gesch\u00e4tzte Lesezeit":"9\u00a0Minuten"},"schema":{"@context":"https:\/\/schema.org","@graph":[{"@type":"WebPage","@id":"https:\/\/www.oxfordcorp.com\/i-am-talent-thank-you\/","url":"https:\/\/www.oxfordcorp.com\/i-am-talent-thank-you\/","name":"I am Talent Thank You - Oxford Global Resources","isPartOf":{"@id":"https:\/\/www.oxfordcorp.com\/de\/#website"},"datePublished":"2023-08-09T14:00:05+00:00","dateModified":"2024-07-26T15:57:06+00:00","breadcrumb":{"@id":"https:\/\/www.oxfordcorp.com\/i-am-talent-thank-you\/#breadcrumb"},"inLanguage":"de","potentialAction":[{"@type":"ReadAction","target":["https:\/\/www.oxfordcorp.com\/i-am-talent-thank-you\/"]}]},{"@type":"BreadcrumbList","@id":"https:\/\/www.oxfordcorp.com\/i-am-talent-thank-you\/#breadcrumb","itemListElement":[{"@type":"ListItem","position":1,"name":"Home","item":"https:\/\/www.oxfordcorp.com\/de\/final-homepage-2\/"},{"@type":"ListItem","position":2,"name":"I am Talent Thank You"}]},{"@type":"WebSite","@id":"https:\/\/www.oxfordcorp.com\/de\/#website","url":"https:\/\/www.oxfordcorp.com\/de\/","name":"Oxford Global Resources","description":"Global","potentialAction":[{"@type":"SearchAction","target":{"@type":"EntryPoint","urlTemplate":"https:\/\/www.oxfordcorp.com\/de\/?s={search_term_string}"},"query-input":{"@type":"PropertyValueSpecification","valueRequired":true,"valueName":"search_term_string"}}],"inLanguage":"de"}]}},"_links":{"self":[{"href":"https:\/\/www.oxfordcorp.com\/de\/wp-json\/wp\/v2\/pages\/23998","targetHints":{"allow":["GET"]}}],"collection":[{"href":"https:\/\/www.oxfordcorp.com\/de\/wp-json\/wp\/v2\/pages"}],"about":[{"href":"https:\/\/www.oxfordcorp.com\/de\/wp-json\/wp\/v2\/types\/page"}],"author":[{"embeddable":true,"href":"https:\/\/www.oxfordcorp.com\/de\/wp-json\/wp\/v2\/users\/1"}],"replies":[{"embeddable":true,"href":"https:\/\/www.oxfordcorp.com\/de\/wp-json\/wp\/v2\/comments?post=23998"}],"version-history":[{"count":0,"href":"https:\/\/www.oxfordcorp.com\/de\/wp-json\/wp\/v2\/pages\/23998\/revisions"}],"wp:attachment":[{"href":"https:\/\/www.oxfordcorp.com\/de\/wp-json\/wp\/v2\/media?parent=23998"}],"curies":[{"name":"wp","href":"https:\/\/api.w.org\/{rel}","templated":true}]}}