{"id":15863,"date":"2023-06-06T01:39:57","date_gmt":"2023-06-06T01:39:57","guid":{"rendered":"https:\/\/oxfordcorp.com\/hiring-notice-cybersecurity-tips-for-consultants\/"},"modified":"2024-07-26T23:34:15","modified_gmt":"2024-07-26T23:34:15","slug":"hiring-notice-cybersecurity-tips-for-consultants","status":"publish","type":"page","link":"https:\/\/www.oxfordcorp.com\/de\/hiring-notice-cybersecurity-tips-for-consultants\/","title":{"rendered":"Einstellungshinweise &amp; Tipps zur Cybersicherheit f\u00fcr Berater"},"content":{"rendered":"<p>[et_pb_section fb_built=&#8220;1&#8243; custom_padding_last_edited=&#8220;off|tablet&#8220; _builder_version=&#8220;4.21.0&#8243; _module_preset=&#8220;default&#8220; use_background_color_gradient=&#8220;on&#8220; background_color_gradient_direction=&#8220;67deg&#8220; background_color_gradient_stops=&#8220;rgba(0,0,0,0.76) 38%|rgba(0,0,0,0.11) 72%&#8220; background_color_gradient_overlays_image=&#8220;on&#8220; background_image=&#8220;https:\/\/www.oxfordcorp.com\/\/wp-content\/uploads\/2023\/06\/Wireless-Services.jpg&#8220; custom_padding=&#8220;0px||0px||false|false&#8220; custom_padding_tablet=&#8220;120px||50px||false|false&#8220; custom_padding_phone=&#8220;||30px||false|false&#8220; background_last_edited=&#8220;on|phone&#8220; use_background_color_gradient_tablet=&#8220;on&#8220; use_background_color_gradient_phone=&#8220;on&#8220; background_color_gradient_stops_tablet=&#8220;rgba(0,0,0,0.76) 54%|rgba(0,0,0,0.54) 54%&#8220; background_color_gradient_stops_phone=&#8220;rgba(0,0,0,0.76) 80%|rgba(0,0,0,0.54) 80%&#8220; background_position_phone=&#8220;center_right&#8220; global_colors_info=&#8220;{}&#8220;][et_pb_row column_structure=&#8220;1_2,1_2&#8243; _builder_version=&#8220;4.21.0&#8243; _module_preset=&#8220;default&#8220; background_image=&#8220;https:\/\/www.oxfordcorp.com\/\/wp-content\/uploads\/2023\/05\/lines-image-overlay-1.png&#8220; parallax=&#8220;on&#8220; parallax_method=&#8220;off&#8220; width=&#8220;100%&#8220; max_width=&#8220;1920px&#8220; custom_padding=&#8220;190px|10%|190px|10%|false|false&#8220; global_colors_info=&#8220;{}&#8220;][et_pb_column type=&#8220;1_2&#8243; _builder_version=&#8220;4.21.0&#8243; _module_preset=&#8220;default&#8220; global_colors_info=&#8220;{}&#8220;][et_pb_text _builder_version=&#8220;4.21.0&#8243; _module_preset=&#8220;default&#8220; text_text_color=&#8220;#FFFFFF&#8220; header_text_color=&#8220;#FFFFFF&#8220; header_font_size=&#8220;60px&#8220; header_line_height=&#8220;1.2em&#8220; header_2_text_color=&#8220;#FFCB00&#8243; header_2_font_size=&#8220;55px&#8220; header_2_line_height=&#8220;1.1em&#8220; custom_margin=&#8220;||22px||false|false&#8220; hover_enabled=&#8220;0&#8243; header_font_size_tablet=&#8220;60px&#8220; header_font_size_phone=&#8220;44px&#8220; header_font_size_last_edited=&#8220;on|phone&#8220; header_2_font_size_tablet=&#8220;55px&#8220; header_2_font_size_phone=&#8220;40px&#8220; header_2_font_size_last_edited=&#8220;on|phone&#8220; global_colors_info=&#8220;{}&#8220; sticky_enabled=&#8220;0&#8243;]<\/p>\n<h1><strong>Einstellungshinweise &amp; Tipps zur Cybersicherheit f\u00fcr Berater<\/strong><\/h1>\n<p>[\/et_pb_text][\/et_pb_column][et_pb_column type=&#8220;1_2&#8243; _builder_version=&#8220;4.21.0&#8243; _module_preset=&#8220;default&#8220; global_colors_info=&#8220;{}&#8220;][\/et_pb_column][\/et_pb_row][\/et_pb_section][et_pb_section fb_built=&#8220;1&#8243; _builder_version=&#8220;4.21.0&#8243; _module_preset=&#8220;default&#8220; global_colors_info=&#8220;{}&#8220;][et_pb_row _builder_version=&#8220;4.21.0&#8243; _module_preset=&#8220;default&#8220; global_colors_info=&#8220;{}&#8220;][et_pb_column type=&#8220;4_4&#8243; _builder_version=&#8220;4.21.0&#8243; _module_preset=&#8220;default&#8220; global_colors_info=&#8220;{}&#8220;][et_pb_text _builder_version=&#8220;4.25.1&#8243; _module_preset=&#8220;default&#8220; hover_enabled=&#8220;0&#8243; global_colors_info=&#8220;{}&#8220; sticky_enabled=&#8220;0&#8243;]<\/p>\n<h2>Sch\u00fctzen Sie Ihre Identit\u00e4t<\/h2>\n<p><u>Beraterpositionen<\/u>: Wir m\u00f6chten Ihnen gro\u00dfartige M\u00f6glichkeiten bieten und brauchen dazu ausf\u00fchrliche Informationen \u00fcber Sie. Wir m\u00f6chten mehr \u00fcber Ihren beruflichen Werdegang erfahren und werden Sie auch um Dokumente und Daten zur \u00dcberpr\u00fcfung Ihrer Identit\u00e4t bitten. Wenn Ihnen dann \u00fcber uns eine Stelle angeboten wird, m\u00fcssen Sie weitere Informationen angeben, um eine Direkt\u00fcberweisung einzurichten.  <\/p>\n<p><u>Mitarbeiter-Stellen<\/u>: Sie werden von einem Mitglied unseres Corporate Recruiting-Teams per Telefon oder E-Mail kontaktiert, um einen Termin f\u00fcr ein Telefongespr\u00e4ch zu vereinbaren. Oxford wird Ihnen niemals ein Stellenangebot unterbreiten, ohne dass Sie zuvor unseren Interviewprozess durchlaufen haben. Vor der Einstellungsphase werden Sie aufgefordert, eine Online-Bewerbung auszuf\u00fcllen, die \u00fcber ein sicheres Portal zug\u00e4nglich ist. Wenn Ihnen eine Stelle angeboten wird, werden die Einarbeitungsschritte ebenfalls \u00fcber ein sicheres Portal abgewickelt.   <\/p>\n<p><em>WICHTIGER HINWEIS: W\u00e4hrend des Einstellungsverfahrens schickt Oxford Ihnen kein Geld, um zus\u00e4tzliches Equipment zu kaufen, und fragt auch nicht nach Ihren Kreditkarteninformationen.<\/em><\/p>\n<p>Uns ist bewusst, wie wichtig der Schutz Ihrer vertraulichen Daten ist. Informieren Sie sich dar\u00fcber, was wir bei Oxford tun \u2013 und was nicht \u2013, und was wir von Ihnen brauchen. So verstehen Sie, wie wir Ihre pers\u00f6nlichen Daten sch\u00fctzen und Sie vor Phishing-Betr\u00fcgereien bewahren. <\/p>\n<h2>Informationen, nach denen wir Sie nicht fragen<\/h2>\n<p><strong>Was wir nie tun:<\/strong><\/p>\n<ul>\n<li>Als Teil des Bewerbungsverfahrens nach Bank- oder anderen Finanzinformationen fragen.<\/li>\n<li>Geld schicken, um zus\u00e4tzliches Equipment zu kaufen, oder nach Ihren Kreditkarteninformationen fragen.<\/li>\n<li>Zus\u00e4tzliche eindeutige Kennungen oder institutionelle Daten anfordern, bis Ihre erste Vermittlung direkt mit Ihnen best\u00e4tigt wurde.<\/li>\n<li>Sie bitten, Anmeldungen und Passw\u00f6rter oder andere pers\u00f6nliche Informationen mit uns zu teilen (seien Sie misstrauisch, wenn jemand dies tut).<\/li>\n<\/ul>\n<h2>Tipps, damit Sie im Internet sicher unterwegs sind<\/h2>\n<p>Leider geh\u00f6ren technisch einfache Kommunikationsmittel zu den gr\u00f6\u00dften Risiken f\u00fcr Ihre pers\u00f6nlichen Daten: Denken Sie an Betr\u00fcger, die Sie anrufen oder Ihnen eine E-Mail schicken und sich als Personal- oder Arbeitsvermittler ausgeben, um Zugang zu Ihren pers\u00f6nlichen Informationen zu erhalten, einschlie\u00dflich Bank- und\/oder Finanzinstitutsdaten.<\/p>\n<p><strong>erheit im Internet, bei der Jobsuche und dar\u00fcber hinaus, f\u00e4ngt mit klugem Verhalten an. Machen Sie sich diese drei einfachen Schritte zur Gewohnheit \u2013 falls das nicht schon der Fall ist. <\/strong><\/p>\n<ol>\n<li><strong>Wenn Ihnen etwas verd\u00e4chtig erscheint, klicken Sie nicht darauf.<\/strong> Phishing-Betr\u00fcger versenden h\u00e4ufig E-Mails mit Links und Dokumenten. Diese enthalten Malware oder Technologien, die vertrauliche Informationen, einschlie\u00dflich Online-Anmeldedaten und Passw\u00f6rter, stehlen k\u00f6nnen. Verlassen Sie sich auf Ihr Bauchgef\u00fchl: Wenn Sie einem Absender oder Mailinhalt nicht trauen, klicken Sie nicht darauf. Sie sind sich bei einer E-Mail, die Sie erhalten haben, unsicher? Rufen Sie Ihren Oxford Ansprechpartner an. Er kann den Sachverhalt f\u00fcr Sie kl\u00e4ren.  <\/li>\n<li><strong>Wenn ein Unbekannter Sie anruft oder Ihnen E-Mails schreibt, um Sie um pers\u00f6nliche Informationen zu bitten (z. B. Ihre Bankverbindung, Ihr Geburtsdatum oder pers\u00f6nliche Identifikationsangaben), geben Sie diese nicht weiter. <\/strong>Einige Betr\u00fcger f\u00e4lschen Anrufer-ID-Nummern. Wenn Sie auch nur den geringsten Zweifel haben, setzen Sie sich \u00fcber offizielle Kan\u00e4le mit der Organisation in Verbindung und fragen Sie nach. F\u00fcr alles, was Oxford betrifft, wenden Sie sich <a href=\"https:\/\/www.oxfordcorp.com\/de\/kontakt\/\">direkt an uns<\/a>.  <\/li>\n<li><strong>Erstellen Sie komplizierte, eindeutige und schwer zu knackender Passw\u00f6rter<\/strong> mit mindestens acht Zeichen (viele Cybersicherheitsfirmen empfehlen mindestens 15 oder sogar 20 Zeichen). Verwenden Sie ein Passwort nie mehrfach, und aktualisieren Sie Ihre Passw\u00f6rter regelm\u00e4\u00dfig. Widerstehen Sie der Versuchung, Ihre Passw\u00f6rter im Browser zu speichern.  <\/li>\n<\/ol>\n<p>Weitere Informationen zu den Daten, die wir \u00fcber Sie erfassen, und wie wir diese verwenden, finden Sie in unserer <a href=\"https:\/\/www.oxfordcorp.com\/de\/privacy-policy\/\">Datenschutzerkl\u00e4rung<\/a>.<\/p>\n<p>Fragen oder Kommentare zu unseren Cybersicherheitsrichtlinien k\u00f6nnen Sie an <a href=\"mailto:help_desk@oxfordcorp.com\">help_desk@oxfordcorp.com<\/a> richten.<\/p>\n<p>[\/et_pb_text][\/et_pb_column][\/et_pb_row][\/et_pb_section][et_pb_section fb_built=&#8220;1&#8243; _builder_version=&#8220;4.21.0&#8243; _module_preset=&#8220;default&#8220; background_color=&#8220;#000000&#8243; background_image=&#8220;https:\/\/www.oxfordcorp.com\/\/wp-content\/uploads\/2023\/05\/line-2.png&#8220; parallax=&#8220;on&#8220; parallax_method=&#8220;off&#8220; custom_padding=&#8220;90px||90px||true|&#8220; saved_tabs=&#8220;all&#8220; locked=&#8220;off&#8220; global_colors_info=&#8220;{}&#8220;][et_pb_row column_structure=&#8220;2_3,1_3&#8243; _builder_version=&#8220;4.21.0&#8243; _module_preset=&#8220;default&#8220; custom_padding=&#8220;||9px|||&#8220; global_colors_info=&#8220;{}&#8220;][et_pb_column type=&#8220;2_3&#8243; _builder_version=&#8220;4.21.0&#8243; _module_preset=&#8220;default&#8220; global_colors_info=&#8220;{}&#8220;][et_pb_text _builder_version=&#8220;4.21.0&#8243; _module_preset=&#8220;default&#8220; text_text_color=&#8220;#FFCB00&#8243; header_font_size=&#8220;32px&#8220; header_2_font=&#8220;|700|||||||&#8220; header_2_text_color=&#8220;#FFCB00&#8243; header_2_font_size=&#8220;32px&#8220; hover_enabled=&#8220;0&#8243; locked=&#8220;off&#8220; global_colors_info=&#8220;{}&#8220; sticky_enabled=&#8220;0&#8243;]<\/p>\n<h2>Gegr\u00fcndet auf starken Beziehungen. Gegr\u00fcndet von Menschen.  <\/h2>\n<p>[\/et_pb_text][et_pb_menu menu_id=&#8220;106&#8243; active_link_color=&#8220;#FFCB00&#8243; disabled_on=&#8220;off|off|off&#8220; _builder_version=&#8220;4.21.0&#8243; _module_preset=&#8220;default&#8220; menu_font=&#8220;|700|||||||&#8220; menu_text_color=&#8220;#FFFFFF&#8220; background_enable_color=&#8220;off&#8220; background_layout=&#8220;dark&#8220; use_opened_menu_on_phone=&#8220;on&#8220; global_colors_info=&#8220;{}&#8220; menu_text_color__hover_enabled=&#8220;on|hover&#8220; menu_text_color__hover=&#8220;#FFCB00&#8243;][\/et_pb_menu][\/et_pb_column][et_pb_column type=&#8220;1_3&#8243; _builder_version=&#8220;4.21.0&#8243; _module_preset=&#8220;default&#8220; global_colors_info=&#8220;{}&#8220;][et_pb_icon icon_color=&#8220;#FFFFFF&#8220; icon_width=&#8220;21px&#8220; url=&#8220;#&#8220; align=&#8220;right&#8220; _builder_version=&#8220;4.21.0&#8243; _module_preset=&#8220;default&#8220; custom_padding=&#8220;5px|5px|5px|5px|false|false&#8220; border_width_all=&#8220;1.5px&#8220; border_color_all=&#8220;#FFFFFF&#8220; global_colors_info=&#8220;{}&#8220; border_color_all__hover_enabled=&#8220;on|hover&#8220; border_color_all__hover=&#8220;#FFCB00&#8243; background__hover_enabled=&#8220;on|hover&#8220; background_color__hover=&#8220;#FFCB00&#8243; background_enable_color__hover=&#8220;on&#8220; icon_color__hover_enabled=&#8220;on|hover&#8220; icon_color__hover=&#8220;#000000&#8243;][\/et_pb_icon][\/et_pb_column][\/et_pb_row][et_pb_row column_structure=&#8220;3_5,2_5&#8243; make_equal=&#8220;on&#8220; _builder_version=&#8220;4.21.0&#8243; _module_preset=&#8220;default&#8220; global_colors_info=&#8220;{}&#8220;][et_pb_column type=&#8220;3_5&#8243; _builder_version=&#8220;4.21.0&#8243; _module_preset=&#8220;default&#8220; custom_css_main_element=&#8220;margin: auto;&#8220; global_colors_info=&#8220;{}&#8220;][et_pb_menu menu_id=&#8220;22&#8243; active_link_color=&#8220;#FFCB00&#8243; disabled_on=&#8220;off|off|off&#8220; _builder_version=&#8220;4.21.0&#8243; _module_preset=&#8220;default&#8220; menu_font=&#8220;||||||||&#8220; menu_text_color=&#8220;#FFFFFF&#8220; menu_font_size=&#8220;12px&#8220; background_enable_color=&#8220;off&#8220; background_layout=&#8220;dark&#8220; custom_padding_tablet=&#8220;&#8220; custom_padding_phone=&#8220;||30px||false|false&#8220; custom_padding_last_edited=&#8220;on|phone&#8220; use_opened_menu_on_phone=&#8220;on&#8220; global_colors_info=&#8220;{}&#8220; active_link_color__hover_enabled=&#8220;on|hover&#8220; active_link_color__hover=&#8220;#FFCB00&#8243;][\/et_pb_menu][\/et_pb_column][et_pb_column type=&#8220;2_5&#8243; _builder_version=&#8220;4.21.0&#8243; _module_preset=&#8220;default&#8220; global_colors_info=&#8220;{}&#8220;][et_pb_social_media_follow _builder_version=&#8220;4.21.0&#8243; _module_preset=&#8220;default&#8220; text_orientation=&#8220;right&#8220; global_colors_info=&#8220;{}&#8220;][et_pb_social_media_follow_network social_network=&#8220;linkedin&#8220; url=&#8220;https:\/\/www.linkedin.com\/company\/oxford-global-resources\/%20&#8243; icon_color=&#8220;#000000&#8243; use_icon_font_size=&#8220;on&#8220; icon_font_size=&#8220;18px&#8220; _builder_version=&#8220;4.21.0&#8243; _module_preset=&#8220;default&#8220; background_color=&#8220;#FFFFFF&#8220; background_enable_color=&#8220;on&#8220; border_radii=&#8220;on|0px|0px|0px|0px&#8220; global_colors_info=&#8220;{}&#8220; background__hover_enabled=&#8220;on|hover&#8220; background_color__hover=&#8220;#FFCB00&#8243; background_enable_color__hover=&#8220;on&#8220; follow_button=&#8220;off&#8220; url_new_window=&#8220;on&#8220;]linkedin[\/et_pb_social_media_follow_network][et_pb_social_media_follow_network social_network=&#8220;facebook&#8220; url=&#8220;https:\/\/www.facebook.com\/OxfordOGR%20&#8243; icon_color=&#8220;#000000&#8243; use_icon_font_size=&#8220;on&#8220; icon_font_size=&#8220;18px&#8220; _builder_version=&#8220;4.21.0&#8243; _module_preset=&#8220;default&#8220; background_color=&#8220;#FFFFFF&#8220; background_enable_color=&#8220;on&#8220; border_radii=&#8220;on|0px|0px|0px|0px&#8220; global_colors_info=&#8220;{}&#8220; background__hover_enabled=&#8220;on|hover&#8220; background_color__hover=&#8220;#FFCB00&#8243; background_enable_color__hover=&#8220;on&#8220; follow_button=&#8220;off&#8220; url_new_window=&#8220;on&#8220;]facebook[\/et_pb_social_media_follow_network][et_pb_social_media_follow_network social_network=&#8220;instagram&#8220; url=&#8220;https:\/\/www.instagram.com\/oxfordglobalresources\/&#8220; icon_color=&#8220;#000000&#8243; use_icon_font_size=&#8220;on&#8220; icon_font_size=&#8220;18px&#8220; _builder_version=&#8220;4.21.0&#8243; _module_preset=&#8220;default&#8220; background_color=&#8220;#FFFFFF&#8220; background_enable_color=&#8220;on&#8220; border_radii=&#8220;on|0px|0px|0px|0px&#8220; global_colors_info=&#8220;{}&#8220; background__hover_enabled=&#8220;on|hover&#8220; background_color__hover=&#8220;#FFCB00&#8243; background_enable_color__hover=&#8220;on&#8220; follow_button=&#8220;off&#8220; url_new_window=&#8220;on&#8220;]instagram[\/et_pb_social_media_follow_network][\/et_pb_social_media_follow][\/et_pb_column][\/et_pb_row][\/et_pb_section]<\/p>\n","protected":false},"excerpt":{"rendered":"<p>Einstellungshinweise &amp; Tipps zur Cybersicherheit f\u00fcr BeraterSch\u00fctzen Sie Ihre Identit\u00e4t Beraterpositionen: Wir m\u00f6chten Ihnen gro\u00dfartige M\u00f6glichkeiten bieten und brauchen dazu [&hellip;]<\/p>\n","protected":false},"author":1,"featured_media":0,"parent":0,"menu_order":0,"comment_status":"closed","ping_status":"closed","template":"","meta":{"_et_pb_use_builder":"on","_et_pb_old_content":"","_et_gb_content_width":"","footnotes":""},"class_list":["post-15863","page","type-page","status-publish","hentry"],"yoast_head":"<!-- This site is optimized with the Yoast SEO Premium plugin v27.3 (Yoast SEO v27.3) - https:\/\/yoast.com\/product\/yoast-seo-premium-wordpress\/ -->\n<title>Einstellungshinweise &amp; Tipps zur Cybersicherheit f\u00fcr Berater - Oxford Global Resources<\/title>\n<meta name=\"robots\" content=\"index, follow, max-snippet:-1, max-image-preview:large, max-video-preview:-1\" \/>\n<link rel=\"canonical\" href=\"https:\/\/www.oxfordcorp.com\/hiring-notice-cybersecurity-tips-for-consultants\/\" \/>\n<meta property=\"og:locale\" content=\"de_DE\" \/>\n<meta property=\"og:type\" content=\"article\" \/>\n<meta property=\"og:title\" content=\"Einstellungshinweise &amp; Tipps zur Cybersicherheit f\u00fcr Berater\" \/>\n<meta property=\"og:description\" content=\"Einstellungshinweise &amp; Tipps zur Cybersicherheit f\u00fcr BeraterSch\u00fctzen Sie Ihre Identit\u00e4t Beraterpositionen: Wir m\u00f6chten Ihnen gro\u00dfartige M\u00f6glichkeiten bieten und brauchen dazu [&hellip;]\" \/>\n<meta property=\"og:url\" content=\"https:\/\/www.oxfordcorp.com\/hiring-notice-cybersecurity-tips-for-consultants\/\" \/>\n<meta property=\"og:site_name\" content=\"Oxford Global Resources\" \/>\n<meta property=\"article:modified_time\" content=\"2024-07-26T23:34:15+00:00\" \/>\n<meta name=\"twitter:card\" content=\"summary_large_image\" \/>\n<meta name=\"twitter:label1\" content=\"Gesch\u00e4tzte Lesezeit\" \/>\n\t<meta name=\"twitter:data1\" content=\"8\u00a0Minuten\" \/>\n<script type=\"application\/ld+json\" class=\"yoast-schema-graph\">{\"@context\":\"https:\\\/\\\/schema.org\",\"@graph\":[{\"@type\":\"WebPage\",\"@id\":\"https:\\\/\\\/www.oxfordcorp.com\\\/hiring-notice-cybersecurity-tips-for-consultants\\\/\",\"url\":\"https:\\\/\\\/www.oxfordcorp.com\\\/hiring-notice-cybersecurity-tips-for-consultants\\\/\",\"name\":\"Einstellungshinweise &amp; Tipps zur Cybersicherheit f\u00fcr Berater - Oxford Global Resources\",\"isPartOf\":{\"@id\":\"https:\\\/\\\/www.oxfordcorp.com\\\/de\\\/#website\"},\"datePublished\":\"2023-06-06T01:39:57+00:00\",\"dateModified\":\"2024-07-26T23:34:15+00:00\",\"breadcrumb\":{\"@id\":\"https:\\\/\\\/www.oxfordcorp.com\\\/hiring-notice-cybersecurity-tips-for-consultants\\\/#breadcrumb\"},\"inLanguage\":\"de\",\"potentialAction\":[{\"@type\":\"ReadAction\",\"target\":[\"https:\\\/\\\/www.oxfordcorp.com\\\/hiring-notice-cybersecurity-tips-for-consultants\\\/\"]}]},{\"@type\":\"BreadcrumbList\",\"@id\":\"https:\\\/\\\/www.oxfordcorp.com\\\/hiring-notice-cybersecurity-tips-for-consultants\\\/#breadcrumb\",\"itemListElement\":[{\"@type\":\"ListItem\",\"position\":1,\"name\":\"Home\",\"item\":\"https:\\\/\\\/www.oxfordcorp.com\\\/de\\\/final-homepage-2\\\/\"},{\"@type\":\"ListItem\",\"position\":2,\"name\":\"Einstellungshinweise &amp; Tipps zur Cybersicherheit f\u00fcr Berater\"}]},{\"@type\":\"WebSite\",\"@id\":\"https:\\\/\\\/www.oxfordcorp.com\\\/de\\\/#website\",\"url\":\"https:\\\/\\\/www.oxfordcorp.com\\\/de\\\/\",\"name\":\"Oxford Global Resources\",\"description\":\"Global\",\"potentialAction\":[{\"@type\":\"SearchAction\",\"target\":{\"@type\":\"EntryPoint\",\"urlTemplate\":\"https:\\\/\\\/www.oxfordcorp.com\\\/de\\\/?s={search_term_string}\"},\"query-input\":{\"@type\":\"PropertyValueSpecification\",\"valueRequired\":true,\"valueName\":\"search_term_string\"}}],\"inLanguage\":\"de\"}]}<\/script>\n<!-- \/ Yoast SEO Premium plugin. -->","yoast_head_json":{"title":"Einstellungshinweise &amp; Tipps zur Cybersicherheit f\u00fcr Berater - Oxford Global Resources","robots":{"index":"index","follow":"follow","max-snippet":"max-snippet:-1","max-image-preview":"max-image-preview:large","max-video-preview":"max-video-preview:-1"},"canonical":"https:\/\/www.oxfordcorp.com\/hiring-notice-cybersecurity-tips-for-consultants\/","og_locale":"de_DE","og_type":"article","og_title":"Einstellungshinweise &amp; Tipps zur Cybersicherheit f\u00fcr Berater","og_description":"Einstellungshinweise &amp; Tipps zur Cybersicherheit f\u00fcr BeraterSch\u00fctzen Sie Ihre Identit\u00e4t Beraterpositionen: Wir m\u00f6chten Ihnen gro\u00dfartige M\u00f6glichkeiten bieten und brauchen dazu [&hellip;]","og_url":"https:\/\/www.oxfordcorp.com\/hiring-notice-cybersecurity-tips-for-consultants\/","og_site_name":"Oxford Global Resources","article_modified_time":"2024-07-26T23:34:15+00:00","twitter_card":"summary_large_image","twitter_misc":{"Gesch\u00e4tzte Lesezeit":"8\u00a0Minuten"},"schema":{"@context":"https:\/\/schema.org","@graph":[{"@type":"WebPage","@id":"https:\/\/www.oxfordcorp.com\/hiring-notice-cybersecurity-tips-for-consultants\/","url":"https:\/\/www.oxfordcorp.com\/hiring-notice-cybersecurity-tips-for-consultants\/","name":"Einstellungshinweise &amp; Tipps zur Cybersicherheit f\u00fcr Berater - Oxford Global Resources","isPartOf":{"@id":"https:\/\/www.oxfordcorp.com\/de\/#website"},"datePublished":"2023-06-06T01:39:57+00:00","dateModified":"2024-07-26T23:34:15+00:00","breadcrumb":{"@id":"https:\/\/www.oxfordcorp.com\/hiring-notice-cybersecurity-tips-for-consultants\/#breadcrumb"},"inLanguage":"de","potentialAction":[{"@type":"ReadAction","target":["https:\/\/www.oxfordcorp.com\/hiring-notice-cybersecurity-tips-for-consultants\/"]}]},{"@type":"BreadcrumbList","@id":"https:\/\/www.oxfordcorp.com\/hiring-notice-cybersecurity-tips-for-consultants\/#breadcrumb","itemListElement":[{"@type":"ListItem","position":1,"name":"Home","item":"https:\/\/www.oxfordcorp.com\/de\/final-homepage-2\/"},{"@type":"ListItem","position":2,"name":"Einstellungshinweise &amp; Tipps zur Cybersicherheit f\u00fcr Berater"}]},{"@type":"WebSite","@id":"https:\/\/www.oxfordcorp.com\/de\/#website","url":"https:\/\/www.oxfordcorp.com\/de\/","name":"Oxford Global Resources","description":"Global","potentialAction":[{"@type":"SearchAction","target":{"@type":"EntryPoint","urlTemplate":"https:\/\/www.oxfordcorp.com\/de\/?s={search_term_string}"},"query-input":{"@type":"PropertyValueSpecification","valueRequired":true,"valueName":"search_term_string"}}],"inLanguage":"de"}]}},"_links":{"self":[{"href":"https:\/\/www.oxfordcorp.com\/de\/wp-json\/wp\/v2\/pages\/15863","targetHints":{"allow":["GET"]}}],"collection":[{"href":"https:\/\/www.oxfordcorp.com\/de\/wp-json\/wp\/v2\/pages"}],"about":[{"href":"https:\/\/www.oxfordcorp.com\/de\/wp-json\/wp\/v2\/types\/page"}],"author":[{"embeddable":true,"href":"https:\/\/www.oxfordcorp.com\/de\/wp-json\/wp\/v2\/users\/1"}],"replies":[{"embeddable":true,"href":"https:\/\/www.oxfordcorp.com\/de\/wp-json\/wp\/v2\/comments?post=15863"}],"version-history":[{"count":0,"href":"https:\/\/www.oxfordcorp.com\/de\/wp-json\/wp\/v2\/pages\/15863\/revisions"}],"wp:attachment":[{"href":"https:\/\/www.oxfordcorp.com\/de\/wp-json\/wp\/v2\/media?parent=15863"}],"curies":[{"name":"wp","href":"https:\/\/api.w.org\/{rel}","templated":true}]}}